{"id":938,"date":"2017-08-30T17:34:24","date_gmt":"2017-08-30T15:34:24","guid":{"rendered":"http:\/\/changethegameumea.se\/?page_id=938"},"modified":"2018-01-29T17:35:04","modified_gmt":"2018-01-29T16:35:04","slug":"the-day-of-actvities","status":"publish","type":"page","link":"https:\/\/change-the-game.se\/en\/the-day-of-actvities\/","title":{"rendered":"The day of activities"},"content":{"rendered":"<p class=\"ingress\">On Saturday September 16th we arranged a major activity day with Change the Game, based on this year\u2019s theme \u2013 \u201dIdeas for physical literacy\u201d.<\/p>\n<p>Being physically literate* is just as important as being able to read, write and count. We also believe in the principle that children and young people should be able to try different activities and develop at their own pace and on their own terms. Our goal is to get as many as possible to feel motivated and have the opportunity to be active. As many as possible for as long as possible!<\/p>\n<p>Children and young people had the opportunity to try many new forms of exercise. At the same time parents and coaches could listen to Pep-talks about &#8220;physical literacy&#8221; and other relevant insights presented live by leading researchers and experts. In other words it was a whole lot of fun and education, both on and off the track!<\/p>\n<p><span id=\"movie\"><iframe loading=\"lazy\" title=\"R\u00f6relserikedom - ny l\u00f6sning f\u00f6r fysiskt aktiva och v\u00e4lm\u00e5ende liv\" width=\"500\" height=\"281\" src=\"https:\/\/www.youtube.com\/embed\/8fVDAnrdf5w?feature=oembed\" frameborder=\"0\" allow=\"accelerometer; autoplay; clipboard-write; encrypted-media; gyroscope; picture-in-picture; web-share\" referrerpolicy=\"strict-origin-when-cross-origin\" allowfullscreen><\/iframe><\/span><\/p>\n<p><strong>Date<\/strong> 16th September<br \/>\n<strong>Time<\/strong> 10.00\u201316.00<br \/>\n<strong>Place<\/strong> Nolia Sports Centre in Ume\u00e5<\/p>\n<p><a href=\"https:\/\/change-the-game.se\/wp-content\/uploads\/2017\/08\/CTG-bildstrip.png\"><img loading=\"lazy\" decoding=\"async\" class=\"alignnone wp-image-944 size-full\" src=\"https:\/\/change-the-game.se\/wp-content\/uploads\/2017\/08\/CTG-bildstrip.png\" alt=\"\" width=\"944\" height=\"207\" srcset=\"https:\/\/change-the-game.se\/wp-content\/uploads\/2017\/08\/CTG-bildstrip.png 944w, https:\/\/change-the-game.se\/wp-content\/uploads\/2017\/08\/CTG-bildstrip-300x66.png 300w, https:\/\/change-the-game.se\/wp-content\/uploads\/2017\/08\/CTG-bildstrip-768x168.png 768w\" sizes=\"auto, (max-width: 944px) 100vw, 944px\" \/><\/a><\/p>\n<p>Who could take part? All children and young people were welcome, regardless of whether they were complete beginners or already active in sports. In addition parents, coaches and other interested parties were invited to take part in our \u2018Pep Talk\u2019 seminars held throughout the day. Taking part in Change the Game was totally free for everyone.<\/p>\n<p>*<em>Physical literacy: To appreciate and develop a life-long interest in physical activity through motivation, confidence, knowledge, understanding and physical competence.<\/em><\/p>\n<h2><\/h2>\n<h2 id=\"star-raiders\">Star Raiders<\/h2>\n<p>Children aged 7\u201312 were given the chance to make their way through an activity course adjusted to their specific ages called <a href=\"https:\/\/www.youtube.com\/watch?v=IpvgDAMywHI\">Star Raiders<\/a>. Exercises were designed to be a fun way to challenge and test their all-round skills in combination with various sport-specific elements.<\/p>\n<p>This year the course featured new exercises and was rotational, with shorter and more intense sessions. There was also two familysessions, in cooperation with our partner VK. Each session took approximately 20 minutes.<\/p>\n<p><img loading=\"lazy\" decoding=\"async\" class=\"alignnone size-full wp-image-476\" src=\"https:\/\/change-the-game.se\/wp-content\/uploads\/2016\/06\/barn.jpg\" alt=\"Barn\" width=\"1420\" height=\"379\" srcset=\"https:\/\/change-the-game.se\/wp-content\/uploads\/2016\/06\/barn.jpg 1420w, https:\/\/change-the-game.se\/wp-content\/uploads\/2016\/06\/barn-300x80.jpg 300w, https:\/\/change-the-game.se\/wp-content\/uploads\/2016\/06\/barn-768x205.jpg 768w, https:\/\/change-the-game.se\/wp-content\/uploads\/2016\/06\/barn-1024x273.jpg 1024w\" sizes=\"auto, (max-width: 1420px) 100vw, 1420px\" \/><\/p>\n<p><strong>Place<\/strong> The Athletics Hall<\/p>\n<p>Star Raiders was led by Johan Andreasson (SISU idrottsutbildarna), who will be ably assisted by \u00a0guest coaches.<\/p>\n<h2 id=\"try-it-out-activities\">Try-it-out activities<\/h2>\n<p>About 25 sports associations and other organizations that are backing Change the Game held a series of free activities in the football hall and in the tennis hall, where children and young people got the chance to try for themselves how to play with various balls and rackets, as well as took part in other fun challenges.<\/p>\n<p>&nbsp;<\/p>\n<p><img loading=\"lazy\" decoding=\"async\" class=\"alignnone size-full wp-image-524\" src=\"https:\/\/change-the-game.se\/wp-content\/uploads\/2016\/06\/testa-pa.jpg\" alt=\"Try-it-out activities\" width=\"1480\" height=\"196\" srcset=\"https:\/\/change-the-game.se\/wp-content\/uploads\/2016\/06\/testa-pa.jpg 1480w, https:\/\/change-the-game.se\/wp-content\/uploads\/2016\/06\/testa-pa-300x40.jpg 300w, https:\/\/change-the-game.se\/wp-content\/uploads\/2016\/06\/testa-pa-768x102.jpg 768w, https:\/\/change-the-game.se\/wp-content\/uploads\/2016\/06\/testa-pa-1024x136.jpg 1024w\" sizes=\"auto, (max-width: 1480px) 100vw, 1480px\" \/><\/p>\n<h2 id=\"pep-talks\">Pep talks<\/h2>\n<p><a href=\"https:\/\/change-the-game.se\/wp-content\/uploads\/2017\/08\/Annakarin-Nyberg-f\u00e4rg2-crop.jpeg\"><img loading=\"lazy\" decoding=\"async\" class=\"wp-image-939 size-thumbnail alignright\" src=\"https:\/\/change-the-game.se\/wp-content\/uploads\/2017\/08\/Annakarin-Nyberg-f\u00e4rg2-crop-150x150.jpeg\" alt=\"\" width=\"150\" height=\"150\" \/><\/a><\/p>\n<p><a href=\"https:\/\/change-the-game.se\/wp-content\/uploads\/2016\/06\/ola-svensson.jpg\"><img loading=\"lazy\" decoding=\"async\" class=\"alignright wp-image-499 size-thumbnail\" src=\"https:\/\/change-the-game.se\/wp-content\/uploads\/2016\/06\/ola-svensson-150x150.jpg\" alt=\"\" width=\"150\" height=\"150\" \/><\/a>This year we arranged a series of mini seminars that in different ways were designed to inspire parents and coaches to make it even more fun for children to engage in sports and become physically active. Leading sports researchers and experts \u00a0shared their exciting experiences, insights and techniques, with some of Sweden\u2019s top sporting stars taking part. All pep talks were open to the public.<\/p>\n<p>The principle theme \u00a0was \u2018Increasing Our Children\u2019s Physical Literacy\u2019 through developing motivation, capability and possibilities to be physically active. Seminars alternated between questions from the public and conversations with the panel made up of \u00a0leading researchers and representatives from local innovative projects.<\/p>\n<p><strong>Moderators<\/strong>\u00a0Anna-Karin Nyberg and Ola Svensson (SISU idrottsutbildarna).<br \/>\n<strong>Place<\/strong> The Football Hall<\/p>\n<p>Each is Pep-talk was 18 minutes followed by 5-10 minutes panel. Immediatly after each pep-talk it was possible to meet the participants in our chatroom located in the room.<\/p>\n<h4>Schedule<\/h4>\n<p>Kl 11.00 &#8211; Dean Kriellaars (CAN), <a href=\"https:\/\/www.youtube.com\/watch?v=abGydyIRo74&amp;t=733s\"><em>&#8220;Physical literacy, the new solution for active and healthy children&#8221;<\/em><\/a><\/p>\n<p>Kl 12.00 &#8211; Susanne Wolmesj\u00f6, <a href=\"https:\/\/www.youtube.com\/watch?v=vKWrGwbrHOI&amp;t=1858s\"><em>&#8220;Structures that inspire kids to an active life&#8221;<\/em><\/a><\/p>\n<p>Kl 13.00 &#8211; PG Wahlstr\u00f6m, <a href=\"https:\/\/www.youtube.com\/watch?v=FM_Kom0Z99w&amp;t=4s\"><em>&#8220;A good environment for development creates both star-athletes and develops public health&#8221;.<\/em><\/a><\/p>\n<p>Kl 14.00 &#8211; Nalda Wainwright (GBR), <em><a href=\"https:\/\/www.youtube.com\/watch?v=TpLt1ldMDyU&amp;t=3s\">&#8220;Physical literate pupils learn more and are healthier&#8221;<\/a>.<\/em><\/p>\n<h2><\/h2>\n<h2 id=\"more-activities\">More activities<\/h2>\n<p><strong>\u201cAsk the Doctor\u201d<br \/>\n<\/strong>&#8220;Put your questions about training and sports-related injuries to Per Jonsson&#8221;, a registered physiotherapist at the Orthopaedic Clinic VLL and Ume\u00e5 University\u2019s School of Sporting Sciences. Also known from SVT\u2019s \u2018Ask the Doctor\u2019 TV show. Per was on hand to offer advice to parents and coaches throughout the day. Visitors could find him at Ume\u00e5 University\u2019s stand in the football hall.<\/p>\n<p><strong>Experience our \u2018activity quiz course\u2019<br \/>\n<\/strong>Throughout the day visitors could participate in our \u2019activity quiz course\u2019 designed for children and adults. The course was made up of different \u2019experience stations\u2019 which challenged participants in various different ways. The course was designed so that it can be advantageous for adults and children to take on the course together! Everyone who completed it got a chance to win some great prizes.<br \/>\nQuiz sheets were available at the VK and SISU stands and from the information desk.<\/p>\n<p><strong>Language Assistants<br \/>\n<\/strong>Thanks to <a href=\"http:\/\/www.vaniumea.se\">V\u00e4n i Ume\u00e5<\/a> there was \u2018language assistants\u2019 on hand at the Information stand at the centre of the football hall.<\/p>\n<p>&nbsp;<\/p>\n<hr \/>\n<p>Do you want to stay up-to-date about Change the Game? <a href=\"https:\/\/change-the-game.se\/nyhetsbrev\/\">Signup for our newsletter!<\/a><\/p>\n","protected":false},"excerpt":{"rendered":"<p>On Saturday September 16th we arranged a major activity day with Change the Game, based on this year\u2019s theme \u2013 \u201dIdeas for physical literacy\u201d. Being physically literate* is just as important as being able to read, write and count. We also believe in the principle that children and young people should be able to try [&hellip;]<\/p>\n","protected":false},"author":3,"featured_media":0,"parent":0,"menu_order":0,"comment_status":"closed","ping_status":"closed","template":"","meta":{"_acf_changed":false,"footnotes":""},"class_list":["post-938","page","type-page","status-publish","hentry"],"acf":[],"_links":{"self":[{"href":"https:\/\/change-the-game.se\/en\/wp-json\/wp\/v2\/pages\/938","targetHints":{"allow":["GET"]}}],"collection":[{"href":"https:\/\/change-the-game.se\/en\/wp-json\/wp\/v2\/pages"}],"about":[{"href":"https:\/\/change-the-game.se\/en\/wp-json\/wp\/v2\/types\/page"}],"author":[{"embeddable":true,"href":"https:\/\/change-the-game.se\/en\/wp-json\/wp\/v2\/users\/3"}],"replies":[{"embeddable":true,"href":"https:\/\/change-the-game.se\/en\/wp-json\/wp\/v2\/comments?post=938"}],"version-history":[{"count":12,"href":"https:\/\/change-the-game.se\/en\/wp-json\/wp\/v2\/pages\/938\/revisions"}],"predecessor-version":[{"id":1059,"href":"https:\/\/change-the-game.se\/en\/wp-json\/wp\/v2\/pages\/938\/revisions\/1059"}],"wp:attachment":[{"href":"https:\/\/change-the-game.se\/en\/wp-json\/wp\/v2\/media?parent=938"}],"curies":[{"name":"wp","href":"https:\/\/api.w.org\/{rel}","templated":true}]}}