{"id":614,"date":"2016-09-12T17:52:56","date_gmt":"2016-09-12T15:52:56","guid":{"rendered":"http:\/\/changethegameumea.se\/?page_id=614"},"modified":"2016-09-27T14:14:54","modified_gmt":"2016-09-27T12:14:54","slug":"a-day-for-children-on-the-move","status":"publish","type":"page","link":"https:\/\/change-the-game.se\/en\/activities\/a-day-for-children-on-the-move\/","title":{"rendered":"A day for children on the move"},"content":{"rendered":"<p class=\"ingress\">On Saturday September 10th there will be a major new activity day with Change the Game, based on this year\u2019s theme \u2013 \u201dRight to get moving\u201d.<\/p>\n<p>Being physically literate* is just as important as being able to read, write and count. We also believe in the principle that children and young people should be able to try different activities and develop at their own pace and on their own terms. Our goal is to get as many as possible to feel motivated and have the opportunity to be active. As many as possible for as long as possible!<\/p>\n<p>Children and young people will get the chance to try new forms of exercise alongside some of our greatest sports stars. At the same time parents and coaches can listen to the latest research into sports for children and young people presented live by leading researchers and experts. In other words it will be fun and educational, both on and off the track!<\/p>\n<p><strong>Date<\/strong> 10th September<br \/>\n<strong>Time<\/strong> 10.00\u201316.00<br \/>\n<strong>Place<\/strong> Nolia Sports Centre in Ume\u00e5<\/p>\n<p>Who can take part? All children and young people are welcome, regardless of whether they are complete beginners or already active in sports. In addition parents, coaches and other interested parties are invited to take part in our \u2018Pep Talk\u2019 seminars held throughout the day. Taking part in Change the Game is totally free for everyone.<\/p>\n<p>*<em>Physical literacy: To appreciate and develop a life-long interest in physical activity through motivation, confidence, knowledge, understanding and physical competence.<\/em><\/p>\n<p style=\"text-align: center; font-size: 1.25em; font-family: Memphis; font-weight: 400; line-height: 1.4; margin-top: 2em;\"><a href=\"#star-raiders\">Star Raiders<\/a><br \/>\n<a href=\"#try-it-out-activities\">Try-it-out activities<\/a><br \/>\n<a href=\"#pep-talks\">Pep-talks<\/a><br \/>\n<a href=\"#more-activities\">More activities<\/a><\/p>\n<h2 id=\"star-raiders\">Star Raiders<\/h2>\n<p>Children aged 7\u201312 will be given the chance to make their way through an activity course adjusted to their specific ages called <a href=\"https:\/\/www.youtube.com\/watch?v=IpvgDAMywHI\">Star Raiders<\/a>. Exercises are designed to be a fun way to challenge and test their all-round skills in combination with various sport-specific elements.<\/p>\n<p>This year the course features new exercises and will be rotational, with shorter and more intense sessions. Each session takes approximately 20 minutes.<\/p>\n<p><img loading=\"lazy\" decoding=\"async\" class=\"alignnone size-full wp-image-476\" src=\"https:\/\/change-the-game.se\/wp-content\/uploads\/2016\/06\/barn.jpg\" alt=\"Barn\" width=\"1420\" height=\"379\" srcset=\"https:\/\/change-the-game.se\/wp-content\/uploads\/2016\/06\/barn.jpg 1420w, https:\/\/change-the-game.se\/wp-content\/uploads\/2016\/06\/barn-300x80.jpg 300w, https:\/\/change-the-game.se\/wp-content\/uploads\/2016\/06\/barn-768x205.jpg 768w, https:\/\/change-the-game.se\/wp-content\/uploads\/2016\/06\/barn-1024x273.jpg 1024w\" sizes=\"auto, (max-width: 1420px) 100vw, 1420px\" \/><\/p>\n<p><strong>Place<\/strong> The Athletics Hall<\/p>\n<p>Star Raiders is being led by Johan Andreasson (SISU idrottsutbildarna), who will be ably assisted by well-known guest coaches.<\/p>\n<h2 id=\"try-it-out-activities\">Try-it-out activities<\/h2>\n<p>Many of the sports associations that are backing Change the Game will hold a series of free activities in the football hall, where children and young people will get the chance to try for themselves how to play with various balls and rackets, as well as take part in other fun challenges.<\/p>\n<ul>\n<li>Bj\u00f6rkl\u00f6ven \u2013 <em>goal keeping, technique course and shooting<\/em><\/li>\n<li>IBK Dalen &amp; IKSU Innebandy \u2013 <em>various mini games<\/em><\/li>\n<li>Ume\u00e5 Bskt \u2013 <em>ball trick, shooting challenges &amp; DJ<\/em><\/li>\n<li>Ume\u00e5 FC \u2013 <em>bungee run<\/em><\/li>\n<li>UHSK Alpine &amp; T\u00e4rna IK Fj\u00e4llvinden \u2013 <em>hunter\u2019s rest, ski simulator, stilts &amp; slack line<\/em><\/li>\n<li>Ume\u00e5 IK fotboll \u2013 <em>harres test &amp; keepy-ups<\/em><\/li>\n<li>IFK Ume\u00e5 Skidor \u2013 <em>ski-pole machine<\/em><\/li>\n<li>Bj\u00f6rkstaden Aikidoklubb \u2013 <em>aikido on the mat<\/em><\/li>\n<li>Gimon\u00e4s Ume\u00e5 IF, IFK Ume\u00e5, S\u00e4var IK and Ersmark IK \u2013 mini handball<\/li>\n<li>IFK Ume\u00e5 Badminton \u2013 <em>Tivoli station &amp; competition<\/em><\/li>\n<li>Obbola IK Cykel \u2013 <em>cycling outdoors<\/em><\/li>\n<li>Svenska parasportf\u00f6rbundet \/ V\u00e4sterbottens parasportf\u00f6rbund \u2013 <em>parashooting, wheelchair floorball, floorball (U class), wheelchair street basket &amp; race running<\/em><\/li>\n<li>Ume\u00e5 Brottning \u2013 <em>wrestling games, techniques, functional training and fight game<\/em><\/li>\n<li>Ume\u00e5 Budoklubb \u2013 <em>ju-jutsu kai &amp; brazilian jiu-jitsu<\/em><\/li>\n<li>Ume\u00e5 Gymnastikf\u00f6rening \u2013 <em>trampette &amp; long mat<\/em><\/li>\n<li>Ume\u00e5 Shotokan karate \u2013 <em>karate<\/em><\/li>\n<li>Ume\u00e5 Tennisklubb \u2013 <em>soft tennis<\/em><\/li>\n<li>V\u00e4sterbottens Idrottsf\u00f6rbund (Streetsports) \u2013 <em>basket, parkour, skate frisbeegolf, parasport, climbing, table tennis, adventure golf &amp; football tennis<\/em><\/li>\n<\/ul>\n<p><img loading=\"lazy\" decoding=\"async\" class=\"alignnone size-full wp-image-524\" src=\"https:\/\/change-the-game.se\/wp-content\/uploads\/2016\/06\/testa-pa.jpg\" alt=\"Try-it-out activities\" width=\"1480\" height=\"196\" srcset=\"https:\/\/change-the-game.se\/wp-content\/uploads\/2016\/06\/testa-pa.jpg 1480w, https:\/\/change-the-game.se\/wp-content\/uploads\/2016\/06\/testa-pa-300x40.jpg 300w, https:\/\/change-the-game.se\/wp-content\/uploads\/2016\/06\/testa-pa-768x102.jpg 768w, https:\/\/change-the-game.se\/wp-content\/uploads\/2016\/06\/testa-pa-1024x136.jpg 1024w\" sizes=\"auto, (max-width: 1480px) 100vw, 1480px\" \/><\/p>\n<h2 id=\"pep-talks\">Pep talks<\/h2>\n<p><img loading=\"lazy\" decoding=\"async\" class=\"alignright size-full wp-image-498\" style=\"margin-left: 0; max-width: 25%;\" src=\"https:\/\/change-the-game.se\/wp-content\/uploads\/2016\/06\/ola-svensson.jpg\" alt=\"Ola Svensson\" width=\"135\" height=\"180\" \/><img loading=\"lazy\" decoding=\"async\" class=\"alignright size-full wp-image-499\" style=\"max-width: 25%;\" src=\"https:\/\/change-the-game.se\/wp-content\/uploads\/2016\/06\/kajsa-bergqvist.jpg\" alt=\"Kajsa Bergqvist\" width=\"135\" height=\"180\" \/>This year we\u2019re arranging a series of mini seminars that in different ways are designed to inspire parents and coaches to make it even more fun for children to engage in sports and become physically active. Leading sports researchers and experts will share their exciting experiences, insights and techniques, with some of Sweden\u2019s top sporting stars taking part. All pep talks are open to the public.<\/p>\n<p>The principle theme is \u2018Increasing Our Children\u2019s Physical Literacy\u2019 through developing motivation, capability and possibilities to be physically active. Seminars will alternate between questions from the public and conversations with the panel made up of sporting stars, leading researchers and experts.<\/p>\n<p><strong>Moderators<\/strong>\u00a0Kajsa Bergqvist and Ola Svensson (SISU idrottsutbildarna).<br \/>\n<strong>Place<\/strong> The Football Hall<\/p>\n<h3 id=\"pep-talk-1\">Pep-talk 1 &#8211; kl 10.15<img loading=\"lazy\" decoding=\"async\" class=\"alignright size-full wp-image-507\" style=\"max-width: 25%; margin-left: 0;\" src=\"https:\/\/change-the-game.se\/wp-content\/uploads\/2016\/08\/maja-bergkvist.jpg\" alt=\"Maja Bergkvist\" width=\"135\" height=\"180\" \/><img loading=\"lazy\" decoding=\"async\" class=\"alignright size-full wp-image-492\" style=\"max-width: 25%;\" src=\"https:\/\/change-the-game.se\/wp-content\/uploads\/2016\/06\/per-hoglund.jpg\" alt=\"Per H\u00f6glund\" width=\"135\" height=\"180\" srcset=\"https:\/\/change-the-game.se\/wp-content\/uploads\/2016\/06\/per-hoglund.jpg 270w, https:\/\/change-the-game.se\/wp-content\/uploads\/2016\/06\/per-hoglund-225x300.jpg 225w\" sizes=\"auto, (max-width: 135px) 100vw, 135px\" \/><\/h3>\n<p><strong>How coaches can increase children\u2019s enjoyment of sports and physical activity.<\/strong><br \/>\nPer H\u00f6glund (Chairman of S\u00e4var IK and a Researcher at Ume\u00e5 University) together with Maja Bergkvist (SISU-educator at Empowering Coaching) will talk about SISU\u2019s new coaching program, <a href=\"https:\/\/www.youtube.com\/watch?v=4FP1edHR3Gs\" target=\"_blank\">\u201cEmpowering Coaching\u201d<\/a>, that has been developed by the University of Birmingham under the management of Professor Joan Duda.<\/p>\n<p>Coaches will get hands-on tips on how to increase children\u2019s enjoyment of sports (for life) and how to minimise the risk of them quitting sport. And best of all? The course and tips have been scientifically proven to work!<\/p>\n<p>Panel members: Johan Fallby (Sports Psychologist, author, FC K\u00f6penhamn) and Jan-Erik Romar (sports researcher at Ume\u00e5 University\u2019s School of Sporting Sciences)<\/p>\n<h3 id=\"pep-talk-2\">Pep-talk 2 &#8211; kl 10.45<img loading=\"lazy\" decoding=\"async\" class=\"alignright size-full wp-image-551\" style=\"max-width: 16%; margin-left: 0;\" src=\"https:\/\/change-the-game.se\/wp-content\/uploads\/2016\/06\/per-elofsson.jpg\" alt=\"Per Elofsson\" width=\"135\" height=\"180\" \/><img loading=\"lazy\" decoding=\"async\" class=\"alignright size-full wp-image-505\" style=\"max-width: 16%; margin-left: 0;\" src=\"https:\/\/change-the-game.se\/wp-content\/uploads\/2016\/08\/inger-eliasson.jpg\" alt=\"Inger Eliasson\" width=\"135\" height=\"180\" \/><img loading=\"lazy\" decoding=\"async\" class=\"alignright size-full wp-image-506\" style=\"max-width: 16%;\" src=\"https:\/\/change-the-game.se\/wp-content\/uploads\/2016\/08\/johan-fallby.jpg\" alt=\"Johan Fallby\" width=\"135\" height=\"180\" \/><\/h3>\n<p><strong>How parents can influence a child\u2019s motivation to get moving and take up sport.<\/strong><br \/>\nJohan Fallby gives useful and often thought-provoking tips to parents on motivating their children. Johan is a sports psychologist advisor and previously competed in table tennis at national level. After, among other things, being responsible for sports psychology at the Swedish Football Association for 10 years, Johan now works for FC K\u00f6penhamn Football Association. In his celebrated book \u201cDo It Better Then If You Can!\u201d he discusses the role of parents and explores questions such as: \u201cwhat really motivates a child?\u201d, \u201cwhen must a child choose a sport\u201d and \u201cshould parents get involved\u201d?<\/p>\n<p>Panel Members: Inger Eliasson (Sports Researcher at Ume\u00e5 University\u2019s School of Sporting Sciences) and Per Elofsson (3-time world champion, \u2018bragdguld\u2019 2001 and winner of TV show M\u00e4starnas m\u00e4stare in 2009).<\/p>\n<h3 id=\"pep-talk-3\">Pep-talk 3 &#8211; kl 11.15<img loading=\"lazy\" decoding=\"async\" class=\"alignright size-full wp-image-505\" style=\"max-width: 25%; margin-left: 0;\" src=\"https:\/\/change-the-game.se\/wp-content\/uploads\/2016\/08\/inger-eliasson.jpg\" alt=\"Inger Eliasson\" width=\"135\" height=\"180\" \/><img loading=\"lazy\" decoding=\"async\" class=\"alignright size-full wp-image-490\" style=\"max-width: 25%;\" src=\"https:\/\/change-the-game.se\/wp-content\/uploads\/2016\/06\/dean-kriellaars.jpg\" alt=\"Dean Kriellaars\" width=\"135\" height=\"180\" srcset=\"https:\/\/change-the-game.se\/wp-content\/uploads\/2016\/06\/dean-kriellaars.jpg 270w, https:\/\/change-the-game.se\/wp-content\/uploads\/2016\/06\/dean-kriellaars-225x300.jpg 225w\" sizes=\"auto, (max-width: 135px) 100vw, 135px\" \/><\/h3>\n<p><a href=\"https:\/\/www.youtube.com\/watch?v=qFdA6SFwSSM\"><strong>How we can get children moving.<\/strong><\/a><br \/>\nWorld leading expert Dean Kriellaars discusses <a href=\"https:\/\/www.youtube.com\/watch?v=57ir8zdvKY0\">physical literacy<\/a> and why it is the key to physical, social and psychological health and the desire to take part in sport and improve performance. Dean will share some of his valuable and practical tips on how parents and coaches can increase a child\u2019s ability and motivation to get active.<\/p>\n<p>Panel members: Inger Eliasson (Sports Researcher at Ume\u00e5 University\u2019s School of Sporting Sciences)<\/p>\n<h3 id=\"pep-talk-4\">Pep-talk 4 &#8211; kl 13.00<img loading=\"lazy\" decoding=\"async\" class=\"alignright size-full wp-image-508\" style=\"max-width: 25%; margin-left: 0;\" src=\"https:\/\/change-the-game.se\/wp-content\/uploads\/2016\/08\/maria-svensson.jpg\" alt=\"Maria Svensson\" width=\"135\" height=\"180\" \/><img loading=\"lazy\" decoding=\"async\" class=\"alignright size-full wp-image-489\" style=\"max-width: 25%;\" src=\"https:\/\/change-the-game.se\/wp-content\/uploads\/2016\/06\/anna-iwarsson.jpg\" alt=\"Anna Iwarsson\" width=\"135\" height=\"180\" \/><\/h3>\n<p><strong>The importance of active children.<\/strong><br \/>\nAnna Iwarsson describes one of the biggest threats to mankind \u2013 physical inactivity. Anna is an author and opinion leader and has written the acclaimed report <a href=\"https:\/\/annaiwarsson.files.wordpress.com\/2012\/11\/sitta-ar-det-nya-roka_140224.pdf\">\u2018Sitting is the new Smoking\u2019<\/a>. Anna is chairperson of the Swedish Gymnastics Association and a board member of the Swedish Sports Confederation. Maria Svensson from GUIF will also share her experience of their new training models in which GUIF has increased all-round training for children starting out playing handball. This model can potentially inspire other sporting disciplines to embrace the concept of all-round training.<\/p>\n<h3 id=\"pep-talk-5\">Pep-talk 5 &#8211; kl 13.30<img loading=\"lazy\" decoding=\"async\" class=\"alignright size-full wp-image-504\" style=\"max-width: 25%; margin-left: 0;\" src=\"https:\/\/change-the-game.se\/wp-content\/uploads\/2016\/08\/ake-huitfeldt.jpg\" alt=\"\u00c5ke Huitfeldt\" width=\"135\" height=\"180\" \/><img loading=\"lazy\" decoding=\"async\" class=\"alignright size-full wp-image-546\" style=\"max-width: 25%;\" src=\"https:\/\/change-the-game.se\/wp-content\/uploads\/2016\/06\/stina-hildingsson.jpg\" alt=\"Stina Hildingsson\" width=\"135\" height=\"180\" \/><\/h3>\n<p><strong>How we succeeded with integration in child and youth sports.<\/strong><\/p>\n<p>Stina Hildingsson from Korpen Ume\u00e5 discusses their hugely successful integration and inclusion project. Stina is responsible for public health projects, development work and group training.<\/p>\n<p>\u00c5ke Huitfeldt, a sports and health teacher, references his own research to give concrete tips on how best to manage young people\u2019s first experiences of sports in school.<\/p>\n<h3 id=\"pep-talk-6\" style=\"clear: both;\">Pep-talk 6 &#8211; kl 14.00<img loading=\"lazy\" decoding=\"async\" class=\"alignright size-full wp-image-504\" style=\"max-width: 25%; margin-left: 0;\" src=\"https:\/\/change-the-game.se\/wp-content\/uploads\/2016\/08\/ake-huitfeldt.jpg\" alt=\"\u00c5ke Huitfeldt\" width=\"135\" height=\"180\" \/><img loading=\"lazy\" decoding=\"async\" class=\"alignright size-full wp-image-500\" style=\"max-width: 25%; margin-bottom: 0.5em;\" src=\"https:\/\/change-the-game.se\/wp-content\/uploads\/2016\/06\/kalle-zackari-wahlstrom.jpg\" alt=\"Kalle Zackari-Wahlstr\u00f6m\" width=\"135\" height=\"180\" srcset=\"https:\/\/change-the-game.se\/wp-content\/uploads\/2016\/06\/kalle-zackari-wahlstrom.jpg 270w, https:\/\/change-the-game.se\/wp-content\/uploads\/2016\/06\/kalle-zackari-wahlstrom-225x300.jpg 225w\" sizes=\"auto, (max-width: 135px) 100vw, 135px\" \/><\/h3>\n<p><strong>Let\u2019s get our children and young people active!<\/strong><\/p>\n<p>Kalle Zackari-Wahlstr\u00f6m gives his views on training and how we should motivate children and young people to be more physically active.<\/p>\n<p>Panel members: \u00c5ke Huitfeldt, sports and health teacher, awarded the title of \u2019Sports Teacher of the Year 2010\u2019.<\/p>\n<h3 id=\"pep-talk-7\" style=\"clear: both;\">Pep-talk 7 &#8211; kl 15.00<img loading=\"lazy\" decoding=\"async\" class=\"alignright size-full wp-image-555\" style=\"max-width: 16%; margin-left: 0;\" src=\"https:\/\/change-the-game.se\/wp-content\/uploads\/2016\/06\/hanna-ljungberg.jpg\" alt=\"Hanna Ljungberg\" width=\"135\" height=\"180\" \/><img loading=\"lazy\" decoding=\"async\" class=\"alignright size-full wp-image-528\" style=\"max-width: 16%; margin-left: 0;\" src=\"https:\/\/change-the-game.se\/wp-content\/uploads\/2016\/06\/peter-brusvik.jpg\" alt=\"Peter Brusvik\" width=\"135\" height=\"180\" \/><img loading=\"lazy\" decoding=\"async\" class=\"alignright size-full wp-image-345\" style=\"max-width: 16%;\" src=\"https:\/\/change-the-game.se\/wp-content\/uploads\/2015\/09\/tor-soderstrom.jpg\" alt=\"Tor S\u00f6derstr\u00f6m\" width=\"135\" height=\"180\" srcset=\"https:\/\/change-the-game.se\/wp-content\/uploads\/2015\/09\/tor-soderstrom.jpg 270w, https:\/\/change-the-game.se\/wp-content\/uploads\/2015\/09\/tor-soderstrom-225x300.jpg 225w\" sizes=\"auto, (max-width: 135px) 100vw, 135px\" \/><\/h3>\n<p><strong>Steps we need to take so that everyone has the same chance to participate and develop!<\/strong><\/p>\n<p>Peter Brusvik, from the Swedish Football Association discusses why they have decided to stop appointing winners in leagues and tournaments for children under the age of thirteen.<\/p>\n<p>Coaches and parents will also receive advice on when a child should start specialising in sport from Tor S\u00f6derstr\u00f6m, Professor\/Director at Ume\u00e5 University\u2019s School of Sporting Sciences, who has conducted a number of studies of Swedish football.<\/p>\n<p>Panel members: Hanna Ljungberg (World Cup silver medallist 2001 and winner of the Diamond Ball 2004).<\/p>\n<h2 id=\"pep-talk-special\" style=\"clear: both;\">Pep talk special<\/h2>\n<p><img loading=\"lazy\" decoding=\"async\" class=\"alignright size-full wp-image-490\" style=\"max-width: 40%;\" src=\"https:\/\/change-the-game.se\/wp-content\/uploads\/2016\/06\/dean-kriellaars.jpg\" alt=\"Dean Kriellaars\" width=\"135\" height=\"180\" srcset=\"https:\/\/change-the-game.se\/wp-content\/uploads\/2016\/06\/dean-kriellaars.jpg 270w, https:\/\/change-the-game.se\/wp-content\/uploads\/2016\/06\/dean-kriellaars-225x300.jpg 225w\" sizes=\"auto, (max-width: 135px) 100vw, 135px\" \/>A more in-depth pep talk with Dr Dean Kriellaars from Canada who will address those who already have a basic knowledge of all-round training and who are open to adopting new methods to develop their mentees, team or association. Dean will discuss the concept of physical literacy, why it is so important and give valuable tips on how it can be implemented in an association so that ultimately children and young people become more active longer, feel healthier and perform better.<br \/>\nSaturday, 10\/9 12.00\u201313.00<br \/>\nPlease Note: Limited places available. Registration required.<br \/>\nPrice: 100 kr (includes lunch)<br \/>\nRegister at: <a href=\"http:\/\/www.axacoair.se\/go?WoxxOvm4\" target=\"_blank\">changethegameumea.se\/dean\/<\/a><\/p>\n<h2 style=\"clear: both;\">Mini-\u00c5FT &#8211; kl 14.30<\/h2>\n<p><img loading=\"lazy\" decoding=\"async\" class=\"alignright size-full wp-image-490\" style=\"margin-left: 0; max-width: 25%;\" src=\"https:\/\/change-the-game.se\/wp-content\/uploads\/2016\/06\/dean-kriellaars.jpg\" alt=\"Dean Kriellaars\" width=\"135\" height=\"180\" srcset=\"https:\/\/change-the-game.se\/wp-content\/uploads\/2016\/06\/dean-kriellaars.jpg 270w, https:\/\/change-the-game.se\/wp-content\/uploads\/2016\/06\/dean-kriellaars-225x300.jpg 225w\" sizes=\"auto, (max-width: 135px) 100vw, 135px\" \/><img loading=\"lazy\" decoding=\"async\" class=\"alignright size-full wp-image-495\" style=\"max-width: 25%;\" src=\"https:\/\/change-the-game.se\/wp-content\/uploads\/2016\/06\/johan-andreasson.jpg\" alt=\"Johan Andreasson\" width=\"135\" height=\"180\" srcset=\"https:\/\/change-the-game.se\/wp-content\/uploads\/2016\/06\/johan-andreasson.jpg 270w, https:\/\/change-the-game.se\/wp-content\/uploads\/2016\/06\/johan-andreasson-225x300.jpg 225w\" sizes=\"auto, (max-width: 135px) 100vw, 135px\" \/>An exclusive opportunity for coaches from all sports to get a brief introduction to age adapted physical training. Participants will be taken through a rotation of the Star Raiders obstacle course with head coach (and \u00c5FT instructor) Johan Andreasson and Dean Kriellaars (all the way from Canada and a world leading expert in how to encourage children to get more active). They\u2019ll describe the principles behind each exercise and why they offer such good training and most of all are fun for children. In just 20 minutes participants will get a unique opportunity to see for themselves how to make physical training fun and healthy for children.<\/p>\n<p>This \u2018mini-\u00c5FT\u2019 is also an exclusive insight into SISU\u2019s popular course <a href=\"http:\/\/www.sisuidrottsutbildarna.se\/Arbetsrum1\/idrottenstranarprogram\/TEMA\/Aldersanpassadfysisktraning\">\u201d\u00e5ldersanpassad fysisk tr\u00e4ning\u201d (\u00c5FT or age-appropriate physical training)<\/a> that has been attended by around 500 coaches in V\u00e4sterbotten since it started in 2014. A guaranteed \u2018kick\u2019 for all those involved in sporting activities!<br \/>\nSaturday 10\/9 14.30\u201314.50. Limited places (50)<\/p>\n<p>Register at: <a href=\"https:\/\/change-the-game.se\/mini-aft2016\">changethegameumea.se\/mini-aft2016<\/a><\/p>\n<p>&nbsp;<\/p>\n<h2 id=\"more-activities\" style=\"clear: both;\">More activities<\/h2>\n<p><strong>\u201cAsk the Doctor\u201d<br \/>\n<\/strong>Put your questions about training and sports-related injuries to Per Jonsson, a registered physiotherapist at the Orthopaedic Clinic VLL and Ume\u00e5 University\u2019s School of Sporting Sciences. Also known from SVT\u2019s \u2018Ask the Doctor\u2019 TV show. Per will be on hand to offer advice to parents and coaches throughout the day. You\u2019ll find him at Ume\u00e5 University\u2019s stand in the football hall.<\/p>\n<p><strong>Experience our \u2018activity quiz course\u2019<br \/>\n<\/strong>Throughout the day you can participate in our \u2019activity quiz course\u2019 designed for children and adults. The course is made up of different \u2019experience stations\u2019 which challenge participants in various different ways. The course is designed so that it can be advantageous for adults and children to take on the course together! Everyone who completes it will get a chance to win some great prizes.<br \/>\nQuiz sheets are available at the VK and SISU stands and from the information desk.<\/p>\n<p><strong>Language Assistants<br \/>\n<\/strong>Thanks to <a href=\"http:\/\/www.vaniumea.se\">V\u00e4n i Ume\u00e5<\/a> there will be \u2018language assistants\u2019 on hand at the Information stand at the centre of the football hall. More information coming soon regarding which languages they will be able to assist visitors with.<\/p>\n<p>&nbsp;<\/p>\n<hr style=\"border: 0; border-top: 2px solid #E6E4DC;\" \/>\n<p style=\"margin-top: 1.75em;\">Do you want to stay up-to-date about Change the Game? <a href=\"https:\/\/change-the-game.se\/nyhetsbrev\/\">Signup for our newsletter!<\/a><\/p>\n","protected":false},"excerpt":{"rendered":"<p>On Saturday September 10th there will be a major new activity day with Change the Game, based on this year\u2019s theme \u2013 \u201dRight to get moving\u201d. Being physically literate* is just as important as being able to read, write and count. We also believe in the principle that children and young people should be able [&hellip;]<\/p>\n","protected":false},"author":2,"featured_media":0,"parent":240,"menu_order":0,"comment_status":"closed","ping_status":"closed","template":"","meta":{"_acf_changed":false,"footnotes":""},"class_list":["post-614","page","type-page","status-publish","hentry"],"acf":[],"_links":{"self":[{"href":"https:\/\/change-the-game.se\/en\/wp-json\/wp\/v2\/pages\/614","targetHints":{"allow":["GET"]}}],"collection":[{"href":"https:\/\/change-the-game.se\/en\/wp-json\/wp\/v2\/pages"}],"about":[{"href":"https:\/\/change-the-game.se\/en\/wp-json\/wp\/v2\/types\/page"}],"author":[{"embeddable":true,"href":"https:\/\/change-the-game.se\/en\/wp-json\/wp\/v2\/users\/2"}],"replies":[{"embeddable":true,"href":"https:\/\/change-the-game.se\/en\/wp-json\/wp\/v2\/comments?post=614"}],"version-history":[{"count":8,"href":"https:\/\/change-the-game.se\/en\/wp-json\/wp\/v2\/pages\/614\/revisions"}],"predecessor-version":[{"id":644,"href":"https:\/\/change-the-game.se\/en\/wp-json\/wp\/v2\/pages\/614\/revisions\/644"}],"up":[{"embeddable":true,"href":"https:\/\/change-the-game.se\/en\/wp-json\/wp\/v2\/pages\/240"}],"wp:attachment":[{"href":"https:\/\/change-the-game.se\/en\/wp-json\/wp\/v2\/media?parent=614"}],"curies":[{"name":"wp","href":"https:\/\/api.w.org\/{rel}","templated":true}]}}