{"id":601,"date":"2016-09-12T17:24:53","date_gmt":"2016-09-12T15:24:53","guid":{"rendered":"http:\/\/changethegameumea.se\/?page_id=601"},"modified":"2016-09-12T17:24:53","modified_gmt":"2016-09-12T15:24:53","slug":"activity-at-umeagalan","status":"publish","type":"page","link":"https:\/\/change-the-game.se\/en\/activities\/activity-at-umeagalan\/","title":{"rendered":"Activity at Ume\u00e5galan"},"content":{"rendered":"<p>Balticgruppen is also a partner of Ume\u00e5galan and in their stand they chose to feature Change the Game. Heidi Andersson and \u00c5FT-instructor Lars Bergstr\u00f6m made sure visitors had the chance to try the age-adapted balancing exercises that are part of the Star Raider concept. At Ume\u00e5galan around 1&nbsp;000 entrepreneurs, business people and companies met up to celebrate and inspire each other.<\/p>\n<p><img loading=\"lazy\" decoding=\"async\" src=\"https:\/\/change-the-game.se\/ny\/wp-content\/uploads\/2015\/01\/UG-2014-Akt-1-3058-1024x682.jpg\" alt=\"Ume\u00e5galan 2014\" width=\"1024\" height=\"682\" class=\"alignnone size-large wp-image-267\" srcset=\"https:\/\/change-the-game.se\/wp-content\/uploads\/2015\/01\/UG-2014-Akt-1-3058-1024x682.jpg 1024w, https:\/\/change-the-game.se\/wp-content\/uploads\/2015\/01\/UG-2014-Akt-1-3058-300x200.jpg 300w, https:\/\/change-the-game.se\/wp-content\/uploads\/2015\/01\/UG-2014-Akt-1-3058.jpg 1280w\" sizes=\"auto, (max-width: 1024px) 100vw, 1024px\" \/><br \/>\n<img loading=\"lazy\" decoding=\"async\" src=\"https:\/\/change-the-game.se\/ny\/wp-content\/uploads\/2015\/01\/UG-2014-Akt-1-2553-1024x682.jpg\" alt=\"Ume\u00e5galan 2014\" width=\"1024\" height=\"682\" class=\"alignnone size-large wp-image-265\" srcset=\"https:\/\/change-the-game.se\/wp-content\/uploads\/2015\/01\/UG-2014-Akt-1-2553-1024x682.jpg 1024w, https:\/\/change-the-game.se\/wp-content\/uploads\/2015\/01\/UG-2014-Akt-1-2553-300x200.jpg 300w, https:\/\/change-the-game.se\/wp-content\/uploads\/2015\/01\/UG-2014-Akt-1-2553.jpg 1280w\" sizes=\"auto, (max-width: 1024px) 100vw, 1024px\" \/><br \/>\n<img loading=\"lazy\" decoding=\"async\" src=\"https:\/\/change-the-game.se\/ny\/wp-content\/uploads\/2015\/01\/UG-2014-Akt-1-2564-1024x682.jpg\" alt=\"Ume\u00e5galan 2014\" width=\"1024\" height=\"682\" class=\"alignnone size-large wp-image-266\" srcset=\"https:\/\/change-the-game.se\/wp-content\/uploads\/2015\/01\/UG-2014-Akt-1-2564-1024x682.jpg 1024w, https:\/\/change-the-game.se\/wp-content\/uploads\/2015\/01\/UG-2014-Akt-1-2564-300x200.jpg 300w, https:\/\/change-the-game.se\/wp-content\/uploads\/2015\/01\/UG-2014-Akt-1-2564.jpg 1280w\" sizes=\"auto, (max-width: 1024px) 100vw, 1024px\" \/><\/p>\n","protected":false},"excerpt":{"rendered":"<p>Balticgruppen is also a partner of Ume\u00e5galan and in their stand they chose to feature Change the Game. Heidi Andersson and \u00c5FT-instructor Lars Bergstr\u00f6m made sure visitors had the chance to try the age-adapted balancing exercises that are part of the Star Raider concept. At Ume\u00e5galan around 1&nbsp;000 entrepreneurs, business people and companies met up [&hellip;]<\/p>\n","protected":false},"author":2,"featured_media":0,"parent":240,"menu_order":0,"comment_status":"open","ping_status":"open","template":"","meta":{"_acf_changed":false,"footnotes":""},"class_list":["post-601","page","type-page","status-publish","hentry"],"acf":[],"_links":{"self":[{"href":"https:\/\/change-the-game.se\/en\/wp-json\/wp\/v2\/pages\/601","targetHints":{"allow":["GET"]}}],"collection":[{"href":"https:\/\/change-the-game.se\/en\/wp-json\/wp\/v2\/pages"}],"about":[{"href":"https:\/\/change-the-game.se\/en\/wp-json\/wp\/v2\/types\/page"}],"author":[{"embeddable":true,"href":"https:\/\/change-the-game.se\/en\/wp-json\/wp\/v2\/users\/2"}],"replies":[{"embeddable":true,"href":"https:\/\/change-the-game.se\/en\/wp-json\/wp\/v2\/comments?post=601"}],"version-history":[{"count":1,"href":"https:\/\/change-the-game.se\/en\/wp-json\/wp\/v2\/pages\/601\/revisions"}],"predecessor-version":[{"id":602,"href":"https:\/\/change-the-game.se\/en\/wp-json\/wp\/v2\/pages\/601\/revisions\/602"}],"up":[{"embeddable":true,"href":"https:\/\/change-the-game.se\/en\/wp-json\/wp\/v2\/pages\/240"}],"wp:attachment":[{"href":"https:\/\/change-the-game.se\/en\/wp-json\/wp\/v2\/media?parent=601"}],"curies":[{"name":"wp","href":"https:\/\/api.w.org\/{rel}","templated":true}]}}