{"id":4337,"date":"2022-03-17T11:15:57","date_gmt":"2022-03-17T10:15:57","guid":{"rendered":"https:\/\/change-the-game.se\/?page_id=4337"},"modified":"2022-03-17T11:16:37","modified_gmt":"2022-03-17T10:16:37","slug":"do-you-want-to-train-others","status":"publish","type":"page","link":"https:\/\/change-the-game.se\/en\/do-you-want-to-train-others\/","title":{"rendered":"Do you want to train others?"},"content":{"rendered":"<p><a href=\"https:\/\/change-the-game.se\/wp-content\/uploads\/2022\/01\/Skarmavbild-2022-01-13-kl.-15.41.13.png\"><img loading=\"lazy\" decoding=\"async\" class=\"alignnone size-full wp-image-3523\" src=\"https:\/\/change-the-game.se\/wp-content\/uploads\/2022\/01\/Skarmavbild-2022-01-13-kl.-15.41.13.png\" alt=\"\" width=\"712\" height=\"508\" srcset=\"https:\/\/change-the-game.se\/wp-content\/uploads\/2022\/01\/Skarmavbild-2022-01-13-kl.-15.41.13.png 712w, https:\/\/change-the-game.se\/wp-content\/uploads\/2022\/01\/Skarmavbild-2022-01-13-kl.-15.41.13-300x214.png 300w\" sizes=\"auto, (max-width: 712px) 100vw, 712px\" \/><\/a><\/p>\n<h4>More and more leaders want to contribute to public health, social sustainability and attractive living environments. In step with this development, we at Change the game predict that new opportunities will arise for those who want, can and have in-depth knowledge of physical literacy to work with training and supporting leaders in different types of activities and at different levels.<\/h4>\n<p>&nbsp;<\/p>\n<p><strong>Content<\/strong><\/p>\n<p>During the course &#8220;Leadership development with physical literacy&#8221;, participants get the opportunity to deepen their knowledge of the social innovation tool physical literacy and its components. Furthermore, various expected effects of adopting a leadership based on physical literacy are discussed. It includes the use of the concept as a compass to promote achievement in various contexts, create good learning environments and sustainable societal development.<\/p>\n<p><strong>Arrangement<\/strong><\/p>\n<p>Joint training meetings are held every other week in the evening during March-May. The meetings begin with a short lecture followed by a group discussion. They will also include practical experiences, study visits and input from experts in mobility. Prior to the joint meetings, recorded lectures and reading references are provided.<\/p>\n<p>Participation in this course is not a passive experience. To get the most out of each step, we encourage exchange between participants and ongoing application of your new knowledge in other contexts. We recommend that participants plan at least two hours of work a week with this course, which includes time to watch recorded lectures, read articles, reflect and discuss.<\/p>\n<p><strong>Course objectives<\/strong><\/p>\n<p>The overall goal of the course is for participants to develop their ability to hold theoretical and practical training on physical literacy.<\/p>\n<p>After completing the course, participants are expected to be able to:<br \/>\n\u2022 Understand the underlying philosophy on which the concept of physical literacy is based<br \/>\n\u2022 Distinguish and explain connections between physical literacy, physical activity and health<br \/>\n\u2022 Explain the importance that physical literacy has for learning and achievement<br \/>\n\u2022 Describe the relative benefits of adopting a physical literacy mindset<br \/>\n\u2022 Give examples of how knowledge about physical literacy can affect exercise design<br \/>\n\u2022 Give examples of different ways in which the physical environment can be important for physical literacy<br \/>\n\u2022 Describe connections between physical literacy, attractive living environments and sustainable societal development<\/p>\n<p><strong>Course fee<\/strong><\/p>\n<p>The course fee is SEK 625 for students and employees at Ume\u00e5 University, Ume\u00e5 Municipality, Region V\u00e4sterbotten and RF-SISU V\u00e4sterbotten as well as for leaders from non-profit associations in V\u00e4sterbotten. The fee for other participants is SEK 12,500.<\/p>\n<p><strong>Schedule<\/strong><\/p>\n<p>Thursday 10\/2 &#8211; Digital info meetings at 12.15-12.45 and 18.30-19.00 (registration to grim@change-the-game.se)<br \/>\nThursday 17\/2 &#8211; Last application day<br \/>\nThursday 24\/2 &#8211; Admission notice is received<\/p>\n<p><strong>Course meetings<\/strong><br \/>\nThursday 3\/3 at 18.30-20.30 &#8211; Start-up meeting<br \/>\nThursday 17\/3 at 18.30-20.30 &#8211; Specialization in physical literacy<br \/>\nThursday 31\/3 at 18.30-20.30 &#8211; Activities and exercise design<br \/>\nWednesday 13\/4 at 18.30-20.30 &#8211; Physical environments<br \/>\nThursday 28\/4 at 18.30-20.30 &#8211; Sustainable well-being (+ lecture with Stefan S\u00f6derfj\u00e4ll at 14.00-16.30, &#8220;The hero within you&#8221;)<br \/>\nThursday 19\/5 at 18.30-20.30 &#8211; Collaboration and community development<br \/>\nWednesday 25\/5 at 18.30-20.30 &#8211; Closing workshop and exchange<\/p>\n<p><strong>Application<\/strong><\/p>\n<p>The application is closed for this time.<\/p>\n<p>Grim Jernudd, Change the game, leads the course and holds the various elements together with leading researchers, educators and program developers.<br \/>\nIf you have any questions, please contact Grim via email: grim@change-the-game.se<\/p>\n<p>The course is organized by Change the game in collaboration with the Sports School of Science at Ume\u00e5 University, Ume\u00e5 Municipality, Region V\u00e4sterbotten and RF-SISU V\u00e4sterbotten within the framework of the Vinnova-funded project Physical literacy enriched\u00a0public environments.<\/p>\n","protected":false},"excerpt":{"rendered":"<p>More and more leaders want to contribute to public health, social sustainability and attractive living environments. In step with this development, we at Change the game predict that new opportunities will arise for those who want, can and have in-depth knowledge of physical literacy to work with training and supporting leaders in different types of [&hellip;]<\/p>\n","protected":false},"author":3,"featured_media":0,"parent":0,"menu_order":0,"comment_status":"closed","ping_status":"closed","template":"","meta":{"_acf_changed":false,"footnotes":""},"class_list":["post-4337","page","type-page","status-publish","hentry"],"acf":[],"_links":{"self":[{"href":"https:\/\/change-the-game.se\/en\/wp-json\/wp\/v2\/pages\/4337","targetHints":{"allow":["GET"]}}],"collection":[{"href":"https:\/\/change-the-game.se\/en\/wp-json\/wp\/v2\/pages"}],"about":[{"href":"https:\/\/change-the-game.se\/en\/wp-json\/wp\/v2\/types\/page"}],"author":[{"embeddable":true,"href":"https:\/\/change-the-game.se\/en\/wp-json\/wp\/v2\/users\/3"}],"replies":[{"embeddable":true,"href":"https:\/\/change-the-game.se\/en\/wp-json\/wp\/v2\/comments?post=4337"}],"version-history":[{"count":2,"href":"https:\/\/change-the-game.se\/en\/wp-json\/wp\/v2\/pages\/4337\/revisions"}],"predecessor-version":[{"id":4339,"href":"https:\/\/change-the-game.se\/en\/wp-json\/wp\/v2\/pages\/4337\/revisions\/4339"}],"wp:attachment":[{"href":"https:\/\/change-the-game.se\/en\/wp-json\/wp\/v2\/media?parent=4337"}],"curies":[{"name":"wp","href":"https:\/\/api.w.org\/{rel}","templated":true}]}}