{"id":3138,"date":"2021-04-28T13:22:06","date_gmt":"2021-04-28T11:22:06","guid":{"rendered":"https:\/\/change-the-game.se\/?page_id=3138"},"modified":"2021-09-15T15:18:22","modified_gmt":"2021-09-15T13:18:22","slug":"change-the-game-2021","status":"publish","type":"page","link":"https:\/\/change-the-game.se\/en\/change-the-game-2021\/","title":{"rendered":"Change the game 2021"},"content":{"rendered":"<p>Welcome to the eighth edition of our annual event, which continues to focus on physical literacy. Our aim is to offer a lot of insights and inspiration. We also hope to be able to add program items in the form of physical gatherings such as active workshops and various activities in Ume\u00e5.<\/p>\n<p><a href=\"https:\/\/change-the-game.se\/wp-content\/uploads\/2021\/04\/Skarmavbild-2021-04-28-kl.-13.34.19.png\"><img loading=\"lazy\" decoding=\"async\" class=\"alignnone wp-image-3144 size-large\" src=\"https:\/\/change-the-game.se\/wp-content\/uploads\/2021\/04\/Skarmavbild-2021-04-28-kl.-13.34.19-1024x592.png\" alt=\"\" width=\"1024\" height=\"592\" srcset=\"https:\/\/change-the-game.se\/wp-content\/uploads\/2021\/04\/Skarmavbild-2021-04-28-kl.-13.34.19-1024x592.png 1024w, https:\/\/change-the-game.se\/wp-content\/uploads\/2021\/04\/Skarmavbild-2021-04-28-kl.-13.34.19-300x173.png 300w, https:\/\/change-the-game.se\/wp-content\/uploads\/2021\/04\/Skarmavbild-2021-04-28-kl.-13.34.19-768x444.png 768w, https:\/\/change-the-game.se\/wp-content\/uploads\/2021\/04\/Skarmavbild-2021-04-28-kl.-13.34.19.png 1076w\" sizes=\"auto, (max-width: 1024px) 100vw, 1024px\" \/><\/a><\/p>\n<h3>A sustainable world with physical literacy \u2013 from practice to vision<\/h3>\n<p>We have brought together innovators, world-leading experts and passionate leaders who have extensive and valuable experiences of physical literacy. This year&#8217;s digital conference will give you both insights and practical exercises as well as examples of successful projects. Together we find new ways to be able to develop collaboration, activities and environments. For sustainable societies, businesses and lives.<\/p>\n<p><b>Three streams:<\/b><\/p>\n<ul>\n<li>Collabaration &amp;\u00a0community development<\/li>\n<li>Activities<\/li>\n<li>Environments &amp; facilities<\/li>\n<\/ul>\n<p>You can pick and choose among international and national speakers, take part in lots of new insights and practical applications.<br \/>\nThe conference is arranged in the Coeo platform, which also gives you several opportunities to connect with other participants.<\/p>\n<h3>International presenters<\/h3>\n<p><a href=\"https:\/\/change-the-game.se\/wp-content\/uploads\/2021\/08\/Skarmavbild-2021-08-29-kl.-19.43.16.png\"><img loading=\"lazy\" decoding=\"async\" class=\"alignnone wp-image-3337 size-large\" src=\"https:\/\/change-the-game.se\/wp-content\/uploads\/2021\/08\/Skarmavbild-2021-08-29-kl.-19.43.16-1024x614.png\" alt=\"\" width=\"1024\" height=\"614\" srcset=\"https:\/\/change-the-game.se\/wp-content\/uploads\/2021\/08\/Skarmavbild-2021-08-29-kl.-19.43.16-1024x614.png 1024w, https:\/\/change-the-game.se\/wp-content\/uploads\/2021\/08\/Skarmavbild-2021-08-29-kl.-19.43.16-300x180.png 300w, https:\/\/change-the-game.se\/wp-content\/uploads\/2021\/08\/Skarmavbild-2021-08-29-kl.-19.43.16-768x460.png 768w, https:\/\/change-the-game.se\/wp-content\/uploads\/2021\/08\/Skarmavbild-2021-08-29-kl.-19.43.16.png 1138w\" sizes=\"auto, (max-width: 1024px) 100vw, 1024px\" \/><\/a><\/p>\n<h3>National presenters<br \/>\n<a href=\"https:\/\/change-the-game.se\/wp-content\/uploads\/2021\/08\/Skarmavbild-2021-08-27-kl.-08.44.48.png\"><img loading=\"lazy\" decoding=\"async\" class=\"alignnone size-large wp-image-3323\" src=\"https:\/\/change-the-game.se\/wp-content\/uploads\/2021\/08\/Skarmavbild-2021-08-27-kl.-08.44.48-1024x653.png\" alt=\"\" width=\"1024\" height=\"653\" \/><\/a><a href=\"https:\/\/change-the-game.se\/wp-content\/uploads\/2021\/09\/Skarmavbild-2021-09-12-kl.-15.05.39.png\"><img loading=\"lazy\" decoding=\"async\" class=\"alignnone wp-image-3390 size-large\" src=\"https:\/\/change-the-game.se\/wp-content\/uploads\/2021\/09\/Skarmavbild-2021-09-12-kl.-15.05.39-1024x634.png\" alt=\"\" width=\"1024\" height=\"634\" srcset=\"https:\/\/change-the-game.se\/wp-content\/uploads\/2021\/09\/Skarmavbild-2021-09-12-kl.-15.05.39-1024x634.png 1024w, https:\/\/change-the-game.se\/wp-content\/uploads\/2021\/09\/Skarmavbild-2021-09-12-kl.-15.05.39-300x186.png 300w, https:\/\/change-the-game.se\/wp-content\/uploads\/2021\/09\/Skarmavbild-2021-09-12-kl.-15.05.39-768x476.png 768w, https:\/\/change-the-game.se\/wp-content\/uploads\/2021\/09\/Skarmavbild-2021-09-12-kl.-15.05.39.png 1502w\" sizes=\"auto, (max-width: 1024px) 100vw, 1024px\" \/><\/a><\/h3>\n<p><a href=\"https:\/\/change-the-game.se\/change-the-game-2021\/medverkande-digital-konferens-change-the-game-2021\/\" target=\"_blank\" rel=\"noopener\">Information about the presenters &gt;<\/a><\/p>\n<p><strong><a href=\"https:\/\/secure.tickster.com\/e3hfhv8z3czfnz7\" target=\"_blank\" rel=\"noopener\">Registration &gt;<\/a><\/strong><\/p>\n<h3>Schedule<\/h3>\n<p><em>Please note: all times are CET and the afternoon sessions will be in english.<\/em><\/p>\n<p><b><span style=\"color: #339966;\">TUESDAY SEP 21 \u2013 PROLOUGE<\/span><br \/>\n<\/b><strong>Lunch 12.15 \u2013 12.45<\/strong><br \/>\nPhysical literacy \u2013 an introduction and inspirational session. A &#8220;kick-off-session&#8221; that does not require registration (Margaret Whitehead and Grim Jernudd).<\/p>\n<p><b><span style=\"color: #339966;\">WEDNESDAY SEP 22 &#8211; COLLABORATION &amp; COMMUNITY DEVELOPMENT<\/span><br \/>\n<\/b><strong>Morning 8.00 \u2013 8.45<\/strong><br \/>\n&#8211; Physical activity &amp; health &#8211; the challenges and correlations (Per Nilsson).<br \/>\n&#8211; Physical activity\u00a0in community development in Region of S\u00f6rmland (Johannes Hedlund)<br \/>\n&#8211; MindShift &#8211; New initiative to strengthen mental health to unleash the full capacity of people and organizations.<\/p>\n<p><strong>Lunch 12.15 \u2013 12.45<\/strong><br \/>\n&#8211; A conversation about physical literacy a a tool for sustainable development of societies and organizations (reps from Region V\u00e4sterbotten, City of Ume\u00e5, Balticgruppen, V\u00e4sterbotten Sports confederation and Change the game).<br \/>\n&#8211; Ume\u00e5 &amp; V\u00e4sterbotten&#8217;s journey as a physical literacy community.<\/p>\n<p><strong>Afternoon 16.00 \u2013 16.45 (english)<\/strong><br \/>\n&#8211; Physical literacy, a social innovation engine for sustainability (Dean Kriellaars).<br \/>\n&#8211; Physical literacy, physical activity and health (John Cairney).<br \/>\n&#8211; Physical literacy brings everyone to the table (Tom Jones).<\/p>\n<p><b><span style=\"color: #339966;\">THURSDAY SEP 23 &#8211; ACTIVITIES<\/span><br \/>\n<\/b><strong>Morning 8.00 \u2013 8.45<\/strong><br \/>\n&#8211; Guidelines for creating and leading activities that promote physical literacy (Grim Jernudd).<br \/>\n&#8211; Cases: &#8220;Hand the ball&#8221; (Jennie Linell), &#8220;MotorIQ&#8221; (Pilo Stylin) and\u00a0Riskful play (Ahmed Al-Breihi)<\/p>\n<p><strong>Lunch 12.15 \u2013 12.45<\/strong><br \/>\n\u2013 A conversation with researchers and practitioners about physical literacy in the aspects of physiology, psychology and pedagogy.<br \/>\n(Apostolos Theos, Inger Eliasson, Louise Davis from Ume\u00e5 university plus Robert Lindberg and Jenny Holmqvist)<\/p>\n<p><strong>Afternoon 16.00 \u2013 16.45 (english)<\/strong><br \/>\n\u2013 Effective Physical Education Pedagogy that promotes the development of Physical Literacy (Dean Dudley).<br \/>\n\u2013 How to design risk-friendly environments using movement creativity to ignite individual\u2019s psychological potential (Veronique Richard).<i><br \/>\n<\/i><\/p>\n<p><b><span style=\"color: #339966;\">FRIDAY SEP 24 \u2013 ENVIRONMENTS &amp; ACTIVITIES<\/span><br \/>\n<\/b><strong>Morning 8.00 \u2013 8.45<\/strong><br \/>\n&#8211; Guidelines for designing environments &amp; facilities that promote physical literacy (Grim Jernudd).<br \/>\n&#8211; How to design play environments\u00a0that develop children&#8217;s competence, confidence and motivation (Emma Crawley)<br \/>\n&#8211; Innovative park development project (Mimmi Beckman)<br \/>\n&#8211; Riskful play project (Ahmed Al-Breihi)<\/p>\n<p><strong>Lunch 12.15 \u2013 12.45<\/strong><br \/>\n\u2013 Public physical literacy enriched environments, a Vinnova project in Ume\u00e5 and county of S\u00f6rmland (Katrin Jonsson)<br \/>\n\u2013 How to design a facility with physical literacy as a compass, Venue of St\u00f6cke (Maria Bergst\u00e9n)<br \/>\n&#8211; Conversations with innovators who create based on physical literacy (Fredrik Nilbrink)<\/p>\n<p><strong>Afternoon 16.00 \u2013 16.45 (english)<\/strong><br \/>\n\u2013 Outdoor Risky play (Ellen Beate Hansen Sandseter)<br \/>\n\u2013 Closing Q&amp;A (Margaret Whitehead)<\/p>\n<p><a href=\"https:\/\/change-the-game.se\/change-the-game-2021\/medverkande-digital-konferens-change-the-game-2021\/\" target=\"_blank\" rel=\"noopener\">Information about the presenters &gt;<\/a><\/p>\n<p><strong><a href=\"https:\/\/secure.tickster.com\/e3hfhv8z3czfnz7\" target=\"_blank\" rel=\"noopener\">Registration &gt;<\/a><\/strong><\/p>\n<h3><a href=\"https:\/\/change-the-game.se\/wp-content\/uploads\/2021\/09\/Skarmavbild-2021-09-12-kl.-11.42.50.png\"><img loading=\"lazy\" decoding=\"async\" class=\"alignnone size-large wp-image-3374\" src=\"https:\/\/change-the-game.se\/wp-content\/uploads\/2021\/09\/Skarmavbild-2021-09-12-kl.-11.42.50-1024x136.png\" alt=\"\" width=\"1024\" height=\"136\" srcset=\"https:\/\/change-the-game.se\/wp-content\/uploads\/2021\/09\/Skarmavbild-2021-09-12-kl.-11.42.50-1024x136.png 1024w, https:\/\/change-the-game.se\/wp-content\/uploads\/2021\/09\/Skarmavbild-2021-09-12-kl.-11.42.50-300x40.png 300w, https:\/\/change-the-game.se\/wp-content\/uploads\/2021\/09\/Skarmavbild-2021-09-12-kl.-11.42.50-768x102.png 768w, https:\/\/change-the-game.se\/wp-content\/uploads\/2021\/09\/Skarmavbild-2021-09-12-kl.-11.42.50.png 1040w\" sizes=\"auto, (max-width: 1024px) 100vw, 1024px\" \/><\/a><\/h3>\n","protected":false},"excerpt":{"rendered":"<p>Welcome to the eighth edition of our annual event, which continues to focus on physical literacy. Our aim is to offer a lot of insights and inspiration. We also hope to be able to add program items in the form of physical gatherings such as active workshops and various activities in Ume\u00e5. A sustainable world [&hellip;]<\/p>\n","protected":false},"author":3,"featured_media":0,"parent":0,"menu_order":0,"comment_status":"closed","ping_status":"closed","template":"","meta":{"_acf_changed":false,"footnotes":""},"class_list":["post-3138","page","type-page","status-publish","hentry"],"acf":[],"_links":{"self":[{"href":"https:\/\/change-the-game.se\/en\/wp-json\/wp\/v2\/pages\/3138","targetHints":{"allow":["GET"]}}],"collection":[{"href":"https:\/\/change-the-game.se\/en\/wp-json\/wp\/v2\/pages"}],"about":[{"href":"https:\/\/change-the-game.se\/en\/wp-json\/wp\/v2\/types\/page"}],"author":[{"embeddable":true,"href":"https:\/\/change-the-game.se\/en\/wp-json\/wp\/v2\/users\/3"}],"replies":[{"embeddable":true,"href":"https:\/\/change-the-game.se\/en\/wp-json\/wp\/v2\/comments?post=3138"}],"version-history":[{"count":22,"href":"https:\/\/change-the-game.se\/en\/wp-json\/wp\/v2\/pages\/3138\/revisions"}],"predecessor-version":[{"id":3399,"href":"https:\/\/change-the-game.se\/en\/wp-json\/wp\/v2\/pages\/3138\/revisions\/3399"}],"wp:attachment":[{"href":"https:\/\/change-the-game.se\/en\/wp-json\/wp\/v2\/media?parent=3138"}],"curies":[{"name":"wp","href":"https:\/\/api.w.org\/{rel}","templated":true}]}}