{"id":2786,"date":"2020-11-23T16:17:33","date_gmt":"2020-11-23T15:17:33","guid":{"rendered":"https:\/\/change-the-game.se\/?page_id=2786"},"modified":"2021-10-18T11:44:35","modified_gmt":"2021-10-18T09:44:35","slug":"development-program-for-early-adopters","status":"publish","type":"page","link":"https:\/\/change-the-game.se\/en\/development-program-for-early-adopters\/","title":{"rendered":"Development program for early adopters"},"content":{"rendered":"<p><strong>This is a project where leaders (all categories) who have embraced physical literacy got help to develop new activities or environments in their operations &#8211; a process with physical literacy as a compass. <\/strong><\/p>\n<p>Leaders, non-profit and professionals, from ten different organizations \/ activities in the region of V\u00e4sterbotten participated in the program. They all share the vision of a society where everyone has the same right to be active and they are &#8220;early adopters&#8221; of physical literacy. They were given the opportunity, with the support of advisers and educators, to develop ideas that contribute to more people increasing their ability, motivation and opportunity to move. They also got the opportunity to exchange experiences with each other, the opportunity for in-depth knowledge of physical literacy and the opportunity to spread their new ideas and solutions. The program consisted of joint meetings, individual meetings with facilitators, own development-work and efforts to spread the new solutions.<\/p>\n<h3><a href=\"https:\/\/change-the-game.se\/wp-content\/uploads\/2021\/02\/CTG_Bildremsor_760x2402.jpg\"><img loading=\"lazy\" decoding=\"async\" class=\"alignnone wp-image-2840 size-large\" src=\"https:\/\/change-the-game.se\/wp-content\/uploads\/2021\/02\/CTG_Bildremsor_760x2402-1024x323.jpg\" alt=\"\" width=\"1024\" height=\"323\" srcset=\"https:\/\/change-the-game.se\/wp-content\/uploads\/2021\/02\/CTG_Bildremsor_760x2402-1024x323.jpg 1024w, https:\/\/change-the-game.se\/wp-content\/uploads\/2021\/02\/CTG_Bildremsor_760x2402-300x95.jpg 300w, https:\/\/change-the-game.se\/wp-content\/uploads\/2021\/02\/CTG_Bildremsor_760x2402-768x243.jpg 768w, https:\/\/change-the-game.se\/wp-content\/uploads\/2021\/02\/CTG_Bildremsor_760x2402-1536x485.jpg 1536w, https:\/\/change-the-game.se\/wp-content\/uploads\/2021\/02\/CTG_Bildremsor_760x2402.jpg 1583w\" sizes=\"auto, (max-width: 1024px) 100vw, 1024px\" \/><\/a><\/h3>\n<h3>Participants 2021<\/h3>\n<p><strong>F\u00f6reningen 4K (club for seniors)<\/strong><br \/>\nBrittInger \u00c4rlebro<\/p>\n<p><strong>Sports administration office, City of \u00a0Stockholm<\/strong><br \/>\nKarolina Eriksson och Pia Felldin<\/p>\n<p><strong>Kaaos Kaamos Academy \/ Kulturskolan i Ume\u00e5<\/strong><br \/>\nErik Glas<\/p>\n<p><strong>Mariehems Health care center<\/strong><br \/>\nElin Thelberg<\/p>\n<p><strong>Midg\u00e5rdsskolan<\/strong><br \/>\nFrida Halvarsson, Sari \u00c5kerdal och Ingrid Sandstr\u00f6m<\/p>\n<p><strong>Nordmaling municipality<\/strong><br \/>\nPaula Quinones<\/p>\n<p><strong>Sj\u00f6fruskolan<\/strong><br \/>\nSara \u00c5hman<\/p>\n<p><strong>T\u00e4fte\u00e5 IK<\/strong><br \/>\nMathias Strandgren<\/p>\n<div class=\"page\" title=\"Page 1\">\n<div class=\"section\">\n<div class=\"layoutArea\">\n<div class=\"column\">\n<p><strong>Ume\u00e5 Orienteringsklubb<\/strong><br \/>\nMaria Ahnlund<\/p>\n<\/div>\n<\/div>\n<\/div>\n<\/div>\n<h3>Organization:<\/h3>\n<p>Facilitator &#8211; Grim Jernudd<br \/>\nProject manager- Tom Engl\u00e9n<br \/>\nProjektgrupp &#8211; representatives from Regional Sports Federation in V\u00e4sterbotten, Ume\u00e5 municipality and Region V\u00e4sterbotten.<\/p>\n<h3>Projectplan:<\/h3>\n<p><strong>March 15th: Kick-off<\/strong><\/p>\n<p><strong>March 16th <\/strong><strong>&#8211; April 18th: Individual work<\/strong><\/p>\n<p><strong>April 19th: Joint reconciliation\u00a0<\/strong><br \/>\n&#8211; Exchange of experience from the initial work.<span class=\"JLqJ4b\" data-language-for-alternatives=\"en\" data-language-to-translate-into=\"sv\" data-phrase-index=\"1\"><br \/>\n<\/span><span class=\"JLqJ4b\" data-language-for-alternatives=\"en\" data-language-to-translate-into=\"sv\" data-phrase-index=\"1\"><span class=\"JLqJ4b ChMk0b\" data-language-for-alternatives=\"en\" data-language-to-translate-into=\"sv\" data-phrase-index=\"2\">&#8211; Physical literacy, methods and guidelines for practical application.<\/span><\/span><\/p>\n<p><strong>April 20th &#8211; June 1st: Individual work<\/strong><\/p>\n<p><strong>June 2nd: Joint reconciliation<\/strong><br \/>\n&#8211; Exchange of experience from the work with development stages 1-4.<\/p>\n<p><strong>June 21st: \u00a0Presentations and workshops\u00a0<\/strong><br \/>\n&#8211; All participants meet, present their ideas \/ plans and exchange experiences.<\/p>\n<p><strong>June &#8211; September: communicate and inspire<\/strong><br \/>\n&#8211; The ideas and solutions are documented and published by the \u00a0project partners.<span class=\"JLqJ4b\" data-language-for-alternatives=\"en\" data-language-to-translate-into=\"sv\" data-phrase-index=\"1\">\u00a0<\/span><\/p>\n<h3>Summary of the project 2021 &#8211; <a href=\"https:\/\/change-the-game.se\/wp-content\/uploads\/2021\/10\/Development-program-for-early-adpoters-of-PL_2021_low.pdf\" target=\"_blank\" rel=\"noopener\">click here &gt;<\/a><\/h3>\n<h3>Summary of the project 2020 &#8211; <a href=\"https:\/\/change-the-game.se\/wp-content\/uploads\/2020\/11\/Summary-Dev-program-for-early-adopters_Change-the-game-2020_final_extern_english_low.pdf\" target=\"_blank\" rel=\"noopener noreferrer\">click here &gt;<\/a><\/h3>\n<p><a href=\"https:\/\/change-the-game.se\/wp-content\/uploads\/2021\/02\/CTG_Bildremsor_760x2403.jpg\"><img loading=\"lazy\" decoding=\"async\" class=\"alignnone wp-image-2841 size-large\" src=\"https:\/\/change-the-game.se\/wp-content\/uploads\/2021\/02\/CTG_Bildremsor_760x2403-1024x323.jpg\" alt=\"\" width=\"1024\" height=\"323\" srcset=\"https:\/\/change-the-game.se\/wp-content\/uploads\/2021\/02\/CTG_Bildremsor_760x2403-1024x323.jpg 1024w, https:\/\/change-the-game.se\/wp-content\/uploads\/2021\/02\/CTG_Bildremsor_760x2403-300x95.jpg 300w, https:\/\/change-the-game.se\/wp-content\/uploads\/2021\/02\/CTG_Bildremsor_760x2403-768x243.jpg 768w, https:\/\/change-the-game.se\/wp-content\/uploads\/2021\/02\/CTG_Bildremsor_760x2403-1536x485.jpg 1536w, https:\/\/change-the-game.se\/wp-content\/uploads\/2021\/02\/CTG_Bildremsor_760x2403.jpg 1583w\" sizes=\"auto, (max-width: 1024px) 100vw, 1024px\" \/><\/a><\/p>\n<p><a href=\"https:\/\/change-the-game.se\/wp-content\/uploads\/2020\/04\/Sk\u00e4rmavbild-2020-04-23-kl.-14.26.22.png\"><img loading=\"lazy\" decoding=\"async\" class=\"alignnone size-large wp-image-2458\" src=\"https:\/\/change-the-game.se\/wp-content\/uploads\/2020\/04\/Sk\u00e4rmavbild-2020-04-23-kl.-14.26.22-1024x135.png\" alt=\"\" width=\"1024\" height=\"135\" srcset=\"https:\/\/change-the-game.se\/wp-content\/uploads\/2020\/04\/Sk\u00e4rmavbild-2020-04-23-kl.-14.26.22-1024x135.png 1024w, https:\/\/change-the-game.se\/wp-content\/uploads\/2020\/04\/Sk\u00e4rmavbild-2020-04-23-kl.-14.26.22-300x40.png 300w, https:\/\/change-the-game.se\/wp-content\/uploads\/2020\/04\/Sk\u00e4rmavbild-2020-04-23-kl.-14.26.22-768x102.png 768w, https:\/\/change-the-game.se\/wp-content\/uploads\/2020\/04\/Sk\u00e4rmavbild-2020-04-23-kl.-14.26.22.png 1210w\" sizes=\"auto, (max-width: 1024px) 100vw, 1024px\" \/><\/a><\/p>\n","protected":false},"excerpt":{"rendered":"<p>This is a project where leaders (all categories) who have embraced physical literacy got help to develop new activities or environments in their operations &#8211; a process with physical literacy as a compass. Leaders, non-profit and professionals, from ten different organizations \/ activities in the region of V\u00e4sterbotten participated in the program. They all share [&hellip;]<\/p>\n","protected":false},"author":3,"featured_media":0,"parent":0,"menu_order":0,"comment_status":"closed","ping_status":"closed","template":"","meta":{"_acf_changed":false,"footnotes":""},"class_list":["post-2786","page","type-page","status-publish","hentry"],"acf":[],"_links":{"self":[{"href":"https:\/\/change-the-game.se\/en\/wp-json\/wp\/v2\/pages\/2786","targetHints":{"allow":["GET"]}}],"collection":[{"href":"https:\/\/change-the-game.se\/en\/wp-json\/wp\/v2\/pages"}],"about":[{"href":"https:\/\/change-the-game.se\/en\/wp-json\/wp\/v2\/types\/page"}],"author":[{"embeddable":true,"href":"https:\/\/change-the-game.se\/en\/wp-json\/wp\/v2\/users\/3"}],"replies":[{"embeddable":true,"href":"https:\/\/change-the-game.se\/en\/wp-json\/wp\/v2\/comments?post=2786"}],"version-history":[{"count":11,"href":"https:\/\/change-the-game.se\/en\/wp-json\/wp\/v2\/pages\/2786\/revisions"}],"predecessor-version":[{"id":3481,"href":"https:\/\/change-the-game.se\/en\/wp-json\/wp\/v2\/pages\/2786\/revisions\/3481"}],"wp:attachment":[{"href":"https:\/\/change-the-game.se\/en\/wp-json\/wp\/v2\/media?parent=2786"}],"curies":[{"name":"wp","href":"https:\/\/api.w.org\/{rel}","templated":true}]}}