{"id":252,"date":"2015-01-12T11:18:13","date_gmt":"2015-01-12T10:18:13","guid":{"rendered":"http:\/\/changethegameumea.se\/ny\/?page_id=252"},"modified":"2015-01-21T16:51:04","modified_gmt":"2015-01-21T15:51:04","slug":"launch","status":"publish","type":"page","link":"https:\/\/change-the-game.se\/en\/activities\/launch\/","title":{"rendered":"A really fun and important day!"},"content":{"rendered":"<p>Saturday September 27th 2014 marked the official start of Change the Game, a project that aims to cultivate a new way of thinking when it comes to children and sports. This knowledge comes from new research and the ultimate goal is for children to have more fun playing sports, live longer, healthier lives and as an added bonus increase their chances of becoming really good in sport in the long run.<\/p>\n<p>Change the Game was launched by inviting children, young people, parents and trainers to a training camp together with some of Sweden\u2019s top sporting stars. Throughout the day children got a chance to try out new training exercises alongside their sporting idols. At the same time parents and trainers were invited to learn about some of the latest research on how best to nurture our children\u2019s sporting talent and health through a series of lectures and seminars held by leading figures in their field. In other words it was fun and educational, both on and off the track!<\/p>\n<p>Date: September 27th 2014<br \/>\nTime: 10 am\u20134 pm<br \/>\nLocation: Gammlia Sports Centre<\/p>\n<p>Those invited: Any child and young person, regardless of whether they were new to sport or already active. In addition all parents, trainers and other interested parties were invited to take part in the seminars we held during this action-packed day.<\/p>\n<p>Participation at Change the Game was totally free for both children and adults.<\/p>\n<h2 id=\"star-raiders\">Star Raiders<\/h2>\n<p>Children aged 7\u201312 got the chance to make their way through an activity course adjusted to their specific age called Star Raiders. The exercises were designed to be a fun way to challenge and test their all-round skills in combination with various sport-specific elements.<br \/>\n<strong>Location<\/strong> Excel Arena<\/p>\n<p>Star Raiders was hosted by Heidi Andersson, the arm wrestler from Ensamheten and Johan Andreasson from SISU idrottsutbildarna.<\/p>\n<p>The course consisted of six challenging exercises:<\/p>\n<ol>\n<li>The Scorpion (reaction\/coordination)<br \/>\nOn a given signal use your agility and go on the attack!<\/li>\n<li>Taurus (Ballistics)<br \/>\nIn this exercise you need to be as strong as an ox to move big and heavy exercise balls.<\/li>\n<li>Libra (balance)<br \/>\nThis element challenges you to keep your balance.<\/li>\n<li>Pisces (Interval and directional change)<br \/>\nHere you become one of the river\u2019s precious fish, resting against the imaginary current for a short moment before bursting into life and swimming upstream, changing direction rapidly as you go.<\/li>\n<li>Leo (speed and strength)<br \/>\nIn this exercise you become the king of the jungle, using your speed and ability to leap into action.<\/li>\n<li>Capricorn (function)<br \/>\nPretend you\u2019re an agile goat, jumping and crawling your way to your goal.<\/li>\n<\/ol>\n<p>Two of these sporting stars were guest coaches at every session: Bj\u00f6rn Ferry. Per Elofsson. Emma Berglund, Ume\u00e5 IK. Danny Persson, Ume\u00e5 FC. Lisa Blomkvist and Charlotta S\u00e4fvenberg, UHSK. Stefan \u00d6hman &#038; Alexander Hellstr\u00f6m, Bj\u00f6rkl\u00f6ven. Lisa &#038; Carolina Miskovsky. Alexander Bod\u00e9n, IBK Dalen. Josefina Eiremo, IKSU innebandy.<\/p>\n<p>Head Coach and designer: Johan Andreasson, SISU idrottsutbildarna.<\/p>\n<p><strong style=\"background: #228F39; color: #fff; padding: 0.5em 1em; display: block;\">The exercises in Star Raiders, along with illustrations, instructions and goals are <a href=\"https:\/\/change-the-game.se\/wp-content\/uploads\/2015\/01\/ctg_star_raider_eng.pdf\" target=\"_blank\">available to download here<\/a>.<\/strong><\/p>\n","protected":false},"excerpt":{"rendered":"<p>Saturday September 27th 2014 marked the official start of Change the Game, a project that aims to cultivate a new way of thinking when it comes to children and sports. This knowledge comes from new research and the ultimate goal is for children to have more fun playing sports, live longer, healthier lives and as [&hellip;]<\/p>\n","protected":false},"author":2,"featured_media":8690,"parent":240,"menu_order":0,"comment_status":"closed","ping_status":"closed","template":"","meta":{"_acf_changed":false,"footnotes":""},"class_list":["post-252","page","type-page","status-publish","has-post-thumbnail","hentry"],"acf":[],"_links":{"self":[{"href":"https:\/\/change-the-game.se\/en\/wp-json\/wp\/v2\/pages\/252","targetHints":{"allow":["GET"]}}],"collection":[{"href":"https:\/\/change-the-game.se\/en\/wp-json\/wp\/v2\/pages"}],"about":[{"href":"https:\/\/change-the-game.se\/en\/wp-json\/wp\/v2\/types\/page"}],"author":[{"embeddable":true,"href":"https:\/\/change-the-game.se\/en\/wp-json\/wp\/v2\/users\/2"}],"replies":[{"embeddable":true,"href":"https:\/\/change-the-game.se\/en\/wp-json\/wp\/v2\/comments?post=252"}],"version-history":[{"count":5,"href":"https:\/\/change-the-game.se\/en\/wp-json\/wp\/v2\/pages\/252\/revisions"}],"predecessor-version":[{"id":291,"href":"https:\/\/change-the-game.se\/en\/wp-json\/wp\/v2\/pages\/252\/revisions\/291"}],"up":[{"embeddable":true,"href":"https:\/\/change-the-game.se\/en\/wp-json\/wp\/v2\/pages\/240"}],"wp:featuredmedia":[{"embeddable":true,"href":"https:\/\/change-the-game.se\/en\/wp-json\/wp\/v2\/media\/8690"}],"wp:attachment":[{"href":"https:\/\/change-the-game.se\/en\/wp-json\/wp\/v2\/media?parent=252"}],"curies":[{"name":"wp","href":"https:\/\/api.w.org\/{rel}","templated":true}]}}