{"id":235,"date":"2015-01-07T14:13:00","date_gmt":"2015-01-07T13:13:00","guid":{"rendered":"http:\/\/peter-simonsson.local\/change-the-game\/?page_id=235"},"modified":"2025-11-22T06:49:22","modified_gmt":"2025-11-22T05:49:22","slug":"contact","status":"publish","type":"page","link":"https:\/\/change-the-game.se\/en\/contact\/","title":{"rendered":"Contact"},"content":{"rendered":"\n<div class=\"wp-block-media-text is-stacked-on-mobile\" style=\"grid-template-columns:30% auto\"><figure class=\"wp-block-media-text__media\"><img loading=\"lazy\" decoding=\"async\" width=\"937\" height=\"1024\" src=\"https:\/\/change-the-game.se\/wp-content\/uploads\/2025\/10\/Tom-Englen_Change-the-game-937x1024.avif\" alt=\"\" class=\"wp-image-15718 size-full\" srcset=\"https:\/\/change-the-game.se\/wp-content\/uploads\/2025\/10\/Tom-Englen_Change-the-game-937x1024.avif 937w, https:\/\/change-the-game.se\/wp-content\/uploads\/2025\/10\/Tom-Englen_Change-the-game-275x300.avif 275w, https:\/\/change-the-game.se\/wp-content\/uploads\/2025\/10\/Tom-Englen_Change-the-game-768x839.avif 768w, https:\/\/change-the-game.se\/wp-content\/uploads\/2025\/10\/Tom-Englen_Change-the-game-1406x1536.avif 1406w, https:\/\/change-the-game.se\/wp-content\/uploads\/2025\/10\/Tom-Englen_Change-the-game-1874x2048.avif 1874w, https:\/\/change-the-game.se\/wp-content\/uploads\/2025\/10\/Tom-Englen_Change-the-game-2048x2238.avif 2048w, https:\/\/change-the-game.se\/wp-content\/uploads\/2025\/10\/Tom-Englen_Change-the-game-1440x1573.avif 1440w, https:\/\/change-the-game.se\/wp-content\/uploads\/2025\/10\/Tom-Englen_Change-the-game-1024x1119.avif 1024w, https:\/\/change-the-game.se\/wp-content\/uploads\/2025\/10\/Tom-Englen_Change-the-game-640x699.avif 640w\" sizes=\"auto, (max-width: 937px) 100vw, 937px\" \/><\/figure><div class=\"wp-block-media-text__content\">\n<p><strong>Tom Engl\u00e9n<\/strong><\/p>\n\n\n\n<p>Director<\/p>\n\n\n\n<p>Phone: +46 70 608 98 28<br>Mail: <a href=\"mailto:tom@change-the-game.se\">tom@change-the-game.se<\/a><\/p>\n<\/div><\/div>\n\n\n\n<p><\/p>\n\n\n\n<div class=\"wp-block-media-text is-stacked-on-mobile\" style=\"grid-template-columns:30% auto\"><figure class=\"wp-block-media-text__media\"><img loading=\"lazy\" decoding=\"async\" width=\"1024\" height=\"1024\" src=\"https:\/\/change-the-game.se\/wp-content\/uploads\/2025\/10\/Grim-Jernudd_Change-the-game-1-1024x1024.avif\" alt=\"\" class=\"wp-image-15726 size-full\" srcset=\"https:\/\/change-the-game.se\/wp-content\/uploads\/2025\/10\/Grim-Jernudd_Change-the-game-1-1024x1024.avif 1024w, https:\/\/change-the-game.se\/wp-content\/uploads\/2025\/10\/Grim-Jernudd_Change-the-game-1-300x300.avif 300w, https:\/\/change-the-game.se\/wp-content\/uploads\/2025\/10\/Grim-Jernudd_Change-the-game-1-150x150.avif 150w, https:\/\/change-the-game.se\/wp-content\/uploads\/2025\/10\/Grim-Jernudd_Change-the-game-1-768x768.avif 768w, https:\/\/change-the-game.se\/wp-content\/uploads\/2025\/10\/Grim-Jernudd_Change-the-game-1-1536x1536.avif 1536w, https:\/\/change-the-game.se\/wp-content\/uploads\/2025\/10\/Grim-Jernudd_Change-the-game-1-2048x2049.avif 2048w, https:\/\/change-the-game.se\/wp-content\/uploads\/2025\/10\/Grim-Jernudd_Change-the-game-1-1440x1441.avif 1440w, https:\/\/change-the-game.se\/wp-content\/uploads\/2025\/10\/Grim-Jernudd_Change-the-game-1-640x640.avif 640w\" sizes=\"auto, (max-width: 1024px) 100vw, 1024px\" \/><\/figure><div class=\"wp-block-media-text__content\">\n<p><strong>Grim Jernudd<\/strong><\/p>\n\n\n\n<p>Education and method development <\/p>\n\n\n\n<p>Phone: +46 73 898 48 92<br>Mail: <a href=\"mailto:grim@change-the-game.se\">grim@change-the-game.se<\/a><\/p>\n<\/div><\/div>\n\n\n\n<p><\/p>\n\n\n\n<div class=\"wp-block-media-text is-stacked-on-mobile\" style=\"grid-template-columns:30% auto\"><figure class=\"wp-block-media-text__media\"><img loading=\"lazy\" decoding=\"async\" width=\"1022\" height=\"1024\" src=\"https:\/\/change-the-game.se\/wp-content\/uploads\/2025\/10\/Calle-Rydin_Change-the-game-1022x1024.avif\" alt=\"\" class=\"wp-image-15722 size-full\" srcset=\"https:\/\/change-the-game.se\/wp-content\/uploads\/2025\/10\/Calle-Rydin_Change-the-game-1022x1024.avif 1022w, https:\/\/change-the-game.se\/wp-content\/uploads\/2025\/10\/Calle-Rydin_Change-the-game-300x300.avif 300w, https:\/\/change-the-game.se\/wp-content\/uploads\/2025\/10\/Calle-Rydin_Change-the-game-150x150.avif 150w, https:\/\/change-the-game.se\/wp-content\/uploads\/2025\/10\/Calle-Rydin_Change-the-game-768x769.avif 768w, https:\/\/change-the-game.se\/wp-content\/uploads\/2025\/10\/Calle-Rydin_Change-the-game-1533x1536.avif 1533w, https:\/\/change-the-game.se\/wp-content\/uploads\/2025\/10\/Calle-Rydin_Change-the-game-2045x2048.avif 2045w, https:\/\/change-the-game.se\/wp-content\/uploads\/2025\/10\/Calle-Rydin_Change-the-game-2048x2051.avif 2048w, https:\/\/change-the-game.se\/wp-content\/uploads\/2025\/10\/Calle-Rydin_Change-the-game-1440x1442.avif 1440w, https:\/\/change-the-game.se\/wp-content\/uploads\/2025\/10\/Calle-Rydin_Change-the-game-1024x1026.avif 1024w, https:\/\/change-the-game.se\/wp-content\/uploads\/2025\/10\/Calle-Rydin_Change-the-game-640x641.avif 640w\" sizes=\"auto, (max-width: 1022px) 100vw, 1022px\" \/><\/figure><div class=\"wp-block-media-text__content\">\n<p><strong>Calle Rydin<\/strong><\/p>\n\n\n\n<p>Strategy and development <\/p>\n\n\n\n<p>Mobil: +46 72 730 37 39<br>Mail: calle.rydin@meditron.se<\/p>\n<\/div><\/div>\n\n\n<\/p>\n<p class=\"ingress\">Do you want to get in touch with any other people and\/or organisations involved in Change the Game?<\/p>\n<p>Enter your details below and we\u2019ll make sure your enquiry ends up in the right place!<\/p>\n\n<div class=\"wpcf7 no-js\" id=\"wpcf7-f249-o1\" lang=\"sv-SE\" dir=\"ltr\" data-wpcf7-id=\"249\">\n<div class=\"screen-reader-response\"><p role=\"status\" aria-live=\"polite\" aria-atomic=\"true\"><\/p> <ul><\/ul><\/div>\n<form action=\"\/en\/wp-json\/wp\/v2\/pages\/235#wpcf7-f249-o1\" method=\"post\" class=\"wpcf7-form init\" aria-label=\"Kontaktformul\u00e4r\" novalidate=\"novalidate\" data-status=\"init\">\n<fieldset class=\"hidden-fields-container\"><input type=\"hidden\" name=\"_wpcf7\" value=\"249\" \/><input type=\"hidden\" name=\"_wpcf7_version\" value=\"6.1.5\" \/><input type=\"hidden\" name=\"_wpcf7_locale\" value=\"sv_SE\" \/><input type=\"hidden\" name=\"_wpcf7_unit_tag\" value=\"wpcf7-f249-o1\" \/><input type=\"hidden\" name=\"_wpcf7_container_post\" value=\"0\" \/><input type=\"hidden\" name=\"_wpcf7_posted_data_hash\" value=\"\" \/>\n<\/fieldset>\n<p><label>Your name*<br \/>\n<span class=\"wpcf7-form-control-wrap\" data-name=\"your-name\"><input size=\"40\" maxlength=\"400\" class=\"wpcf7-form-control wpcf7-text wpcf7-validates-as-required\" aria-required=\"true\" aria-invalid=\"false\" value=\"\" type=\"text\" name=\"your-name\" \/><\/span><\/label>\n<\/p>\n<p><label>Your email*<br \/>\n<span class=\"wpcf7-form-control-wrap\" data-name=\"your-email\"><input size=\"40\" maxlength=\"400\" class=\"wpcf7-form-control wpcf7-email wpcf7-validates-as-required wpcf7-text wpcf7-validates-as-email\" aria-required=\"true\" aria-invalid=\"false\" value=\"\" type=\"email\" name=\"your-email\" \/><\/span><\/label>\n<\/p>\n<p><label>Subject*<br \/>\n<span class=\"wpcf7-form-control-wrap\" data-name=\"your-subject\"><input size=\"40\" maxlength=\"400\" class=\"wpcf7-form-control wpcf7-text wpcf7-validates-as-required\" aria-required=\"true\" aria-invalid=\"false\" value=\"\" type=\"text\" name=\"your-subject\" \/><\/span><\/label>\n<\/p>\n<p><label>Your message<br \/>\n<span class=\"wpcf7-form-control-wrap\" data-name=\"your-message\"><textarea cols=\"40\" rows=\"10\" maxlength=\"2000\" class=\"wpcf7-form-control wpcf7-textarea\" aria-invalid=\"false\" name=\"your-message\"><\/textarea><\/span><\/label>\n<\/p>\n<p><span id=\"wpcf7-69ece73bd5e25-wrapper\" class=\"wpcf7-form-control-wrap website-wrap\" style=\"display:none !important; visibility:hidden !important;\"><label for=\"wpcf7-69ece73bd5e25-field\" class=\"hp-message\">V\u00e4nligen l\u00e4mna detta f\u00e4lt tomt.<\/label><input id=\"wpcf7-69ece73bd5e25-field\"  class=\"wpcf7-form-control wpcf7-text\" type=\"text\" name=\"website\" value=\"\" size=\"40\" tabindex=\"-1\" autocomplete=\"new-password\" \/><\/span>\n<\/p>\n<p><input class=\"wpcf7-form-control wpcf7-submit has-spinner\" type=\"submit\" value=\"Submit\" \/>\n<\/p><div class=\"wpcf7-response-output\" aria-hidden=\"true\"><\/div>\n<\/form>\n<\/div>\n\n<\/p>\n\n\n<p><\/p>\n","protected":false},"excerpt":{"rendered":"<p>Tom Engl\u00e9n Director Phone: +46 70 608 98 28Mail: tom@change-the-game.se Grim Jernudd Education and method development Phone: +46 73 898 48 92Mail: grim@change-the-game.se Calle Rydin Strategy and development Mobil: +46 72 730 37 39Mail: calle.rydin@meditron.se Do you want to get in touch with any other people and\/or organisations involved in Change the Game? Enter your [&hellip;]<\/p>\n","protected":false},"author":2,"featured_media":0,"parent":0,"menu_order":0,"comment_status":"closed","ping_status":"closed","template":"","meta":{"_acf_changed":false,"footnotes":""},"class_list":["post-235","page","type-page","status-publish","hentry"],"acf":[],"_links":{"self":[{"href":"https:\/\/change-the-game.se\/en\/wp-json\/wp\/v2\/pages\/235","targetHints":{"allow":["GET"]}}],"collection":[{"href":"https:\/\/change-the-game.se\/en\/wp-json\/wp\/v2\/pages"}],"about":[{"href":"https:\/\/change-the-game.se\/en\/wp-json\/wp\/v2\/types\/page"}],"author":[{"embeddable":true,"href":"https:\/\/change-the-game.se\/en\/wp-json\/wp\/v2\/users\/2"}],"replies":[{"embeddable":true,"href":"https:\/\/change-the-game.se\/en\/wp-json\/wp\/v2\/comments?post=235"}],"version-history":[{"count":6,"href":"https:\/\/change-the-game.se\/en\/wp-json\/wp\/v2\/pages\/235\/revisions"}],"predecessor-version":[{"id":16256,"href":"https:\/\/change-the-game.se\/en\/wp-json\/wp\/v2\/pages\/235\/revisions\/16256"}],"wp:attachment":[{"href":"https:\/\/change-the-game.se\/en\/wp-json\/wp\/v2\/media?parent=235"}],"curies":[{"name":"wp","href":"https:\/\/api.w.org\/{rel}","templated":true}]}}