{"id":228,"date":"2015-01-07T13:59:08","date_gmt":"2015-01-07T12:59:08","guid":{"rendered":"http:\/\/peter-simonsson.local\/change-the-game\/?page_id=228"},"modified":"2025-12-16T15:46:39","modified_gmt":"2025-12-16T14:46:39","slug":"about-the-project","status":"publish","type":"page","link":"https:\/\/change-the-game.se\/en\/about-the-project\/","title":{"rendered":"Let&#8217;s create a society of competent and confident movers!"},"content":{"rendered":"\n<h2 class=\"wp-block-heading\">Let&#8217;s create a society of competent and confident movers!<\/h2>\n\n\n\n<figure class=\"wp-block-image size-full\"><img loading=\"lazy\" decoding=\"async\" width=\"846\" height=\"571\" src=\"https:\/\/change-the-game.se\/wp-content\/uploads\/2025\/12\/About-us-onepager-1.avif\" alt=\"\" class=\"wp-image-16501\" srcset=\"https:\/\/change-the-game.se\/wp-content\/uploads\/2025\/12\/About-us-onepager-1.avif 846w, https:\/\/change-the-game.se\/wp-content\/uploads\/2025\/12\/About-us-onepager-1-300x202.avif 300w, https:\/\/change-the-game.se\/wp-content\/uploads\/2025\/12\/About-us-onepager-1-768x518.avif 768w, https:\/\/change-the-game.se\/wp-content\/uploads\/2025\/12\/About-us-onepager-1-640x432.avif 640w\" sizes=\"auto, (max-width: 846px) 100vw, 846px\" \/><\/figure>\n\n\n\n<p>Change the Game is owned and operated by the Foundation for Physical literacy (Stiftelsen f\u00f6r r\u00f6relserikedom). Jonas Olsson founded the initiative in 2014, then as a corporate social relationship project within the framework of the property company Balticgruppen, and in 2021 he handed over both the business and funds to the Stiftelsen f\u00f6r R\u00f6relserikedom, for long-term work to promote the development of physical literacy communities in Ume\u00e5, Sweden and the world.<\/p>\n\n\n\n<p>Change the Game is a knowledge center that contributes to sustainable social development by creating and spreading knowledge about how to focus on the quality of movement experiences when developing places, programs and people.<\/p>\n\n\n\n<p><span style=\"font-size: revert;\">The Foundation for Physical literacy, which runs Change the Game, is a non-profit foundation that together with other actors &#8211; such as regions, authorities, associations, the company, researchers and thought leaders &#8211; creates movement for movement. This is done through collaboration projects, advocacy and through Change the Game Utbildning AB, which through training, consultation and events ensures that knowledge is spread to more actors who are prepared to act based on the holistic view of the human being as physical literacy stands for.<\/span><\/p>\n\n\n\n<h3 class=\"wp-block-heading\"><span style=\"font-size: revert;\"><br>International collaborations<\/span><\/h3>\n\n\n\n<p><a href=\"https:\/\/hupr.ca\/en\/\">HUPR<\/a>, Research Center for Human Potential<br><a href=\"https:\/\/www.physical-literacy.org.uk\" target=\"_blank\" rel=\"noopener\">IPLA<\/a>, International Physical Literacy Association &#8211; <a href=\"http:\/\/change-the-game.se\/en\/new-cooperation-with-ipla\/\" target=\"_blank\" rel=\"noopener\">MOU since 2023<\/a><br><a href=\"https:\/\/www.isca.org\" target=\"_blank\" rel=\"noopener\">ISCA<\/a>, International Sports and Culture Association &#8211; partners in the <a href=\"https:\/\/movingforhealth.isca.org\" target=\"_blank\" rel=\"noopener\">Moving for Health<\/a> project.<br><a href=\"https:\/\/sportforlife.ca\" target=\"_blank\" rel=\"noopener\">Sport for life (CAN)<\/a> &#8211; the conference <a href=\"https:\/\/change-the-game.se\/en\/change-the-game-organizes-a-major-international-conference-2019-in-umea-with-world-leading-sports-organization\/\" target=\"_blank\" rel=\"noopener\">IPLC Europe 2019<\/a> was organized together<\/p>\n\n\n\n<figure class=\"wp-block-image size-large\"><img loading=\"lazy\" decoding=\"async\" width=\"1024\" height=\"173\" src=\"https:\/\/change-the-game.se\/wp-content\/uploads\/2025\/09\/ISCA-HUPR-IPLA-1024x173.avif\" alt=\"\" class=\"wp-image-15608\" srcset=\"https:\/\/change-the-game.se\/wp-content\/uploads\/2025\/09\/ISCA-HUPR-IPLA-1024x173.avif 1024w, https:\/\/change-the-game.se\/wp-content\/uploads\/2025\/09\/ISCA-HUPR-IPLA-300x51.avif 300w, https:\/\/change-the-game.se\/wp-content\/uploads\/2025\/09\/ISCA-HUPR-IPLA-768x130.avif 768w, https:\/\/change-the-game.se\/wp-content\/uploads\/2025\/09\/ISCA-HUPR-IPLA-1536x259.avif 1536w, https:\/\/change-the-game.se\/wp-content\/uploads\/2025\/09\/ISCA-HUPR-IPLA-1440x243.avif 1440w, https:\/\/change-the-game.se\/wp-content\/uploads\/2025\/09\/ISCA-HUPR-IPLA-640x108.avif 640w, https:\/\/change-the-game.se\/wp-content\/uploads\/2025\/09\/ISCA-HUPR-IPLA.avif 1812w\" sizes=\"auto, (max-width: 1024px) 100vw, 1024px\" \/><\/figure>\n","protected":false},"excerpt":{"rendered":"<p>Let&#8217;s create a society of competent and confident movers! Change the Game is owned and operated by the Foundation for Physical literacy (Stiftelsen f\u00f6r r\u00f6relserikedom). Jonas Olsson founded the initiative in 2014, then as a corporate social relationship project within the framework of the property company Balticgruppen, and in 2021 he handed over both the [&hellip;]<\/p>\n","protected":false},"author":2,"featured_media":0,"parent":0,"menu_order":0,"comment_status":"closed","ping_status":"closed","template":"","meta":{"_acf_changed":false,"footnotes":""},"class_list":["post-228","page","type-page","status-publish","hentry"],"acf":[],"_links":{"self":[{"href":"https:\/\/change-the-game.se\/en\/wp-json\/wp\/v2\/pages\/228","targetHints":{"allow":["GET"]}}],"collection":[{"href":"https:\/\/change-the-game.se\/en\/wp-json\/wp\/v2\/pages"}],"about":[{"href":"https:\/\/change-the-game.se\/en\/wp-json\/wp\/v2\/types\/page"}],"author":[{"embeddable":true,"href":"https:\/\/change-the-game.se\/en\/wp-json\/wp\/v2\/users\/2"}],"replies":[{"embeddable":true,"href":"https:\/\/change-the-game.se\/en\/wp-json\/wp\/v2\/comments?post=228"}],"version-history":[{"count":25,"href":"https:\/\/change-the-game.se\/en\/wp-json\/wp\/v2\/pages\/228\/revisions"}],"predecessor-version":[{"id":16504,"href":"https:\/\/change-the-game.se\/en\/wp-json\/wp\/v2\/pages\/228\/revisions\/16504"}],"wp:attachment":[{"href":"https:\/\/change-the-game.se\/en\/wp-json\/wp\/v2\/media?parent=228"}],"curies":[{"name":"wp","href":"https:\/\/api.w.org\/{rel}","templated":true}]}}