{"id":17411,"date":"2026-04-15T14:37:57","date_gmt":"2026-04-15T12:37:57","guid":{"rendered":"https:\/\/change-the-game.se\/?page_id=17411"},"modified":"2026-04-15T14:39:07","modified_gmt":"2026-04-15T12:39:07","slug":"change-the-game-2026","status":"publish","type":"page","link":"https:\/\/change-the-game.se\/en\/change-the-game-2026\/","title":{"rendered":"Change the game 2026"},"content":{"rendered":"\n<figure class=\"wp-block-image size-large\"><img loading=\"lazy\" decoding=\"async\" width=\"1024\" height=\"576\" src=\"https:\/\/change-the-game.se\/wp-content\/uploads\/2026\/04\/CTG2026_maner_1920x1080_eng-1024x576.avif\" alt=\"\" class=\"wp-image-17407\" srcset=\"https:\/\/change-the-game.se\/wp-content\/uploads\/2026\/04\/CTG2026_maner_1920x1080_eng-1024x576.avif 1024w, https:\/\/change-the-game.se\/wp-content\/uploads\/2026\/04\/CTG2026_maner_1920x1080_eng-300x169.avif 300w, https:\/\/change-the-game.se\/wp-content\/uploads\/2026\/04\/CTG2026_maner_1920x1080_eng-768x432.avif 768w, https:\/\/change-the-game.se\/wp-content\/uploads\/2026\/04\/CTG2026_maner_1920x1080_eng-1536x864.avif 1536w, https:\/\/change-the-game.se\/wp-content\/uploads\/2026\/04\/CTG2026_maner_1920x1080_eng-1440x810.avif 1440w, https:\/\/change-the-game.se\/wp-content\/uploads\/2026\/04\/CTG2026_maner_1920x1080_eng-640x360.avif 640w, https:\/\/change-the-game.se\/wp-content\/uploads\/2026\/04\/CTG2026_maner_1920x1080_eng.avif 1920w\" sizes=\"auto, (max-width: 1024px) 100vw, 1024px\" \/><\/figure>\n\n\n\n<p><strong>THEME: MOVEMENT THAT MOVES<\/strong><br>How can we help children and young people build a healthy relationship with themselves, others, and the planet? Movement both in school and during leisure time can make a real difference. But we need to get better at intentionally creating experiences that are both fun and meaningful. Movement can help children and young people grow and thrive in a fast-paced and complex world. Together, we develop how. We need to equip our younger generation with inner capabilities and wellbeing.<\/p>\n\n\n\n<p>This year, we are therefore putting the focus on helping more children and young people shine the way they should in an increasingly fastchanging world.<\/p>\n\n\n\n<h3 class=\"wp-block-heading\">Preliminary program<\/h3>\n\n\n\n<p>23 september: Special education \u2013 Risky play kl 18:00 \u2013 20:30<br>24 september: Conference kl 9:00 \u2013 16:00<br>24 september: Special education \u2013 Confidence by design kl 18:00 \u2013 20:30<em>.<\/em><\/p>\n\n\n\n<h3 class=\"wp-block-heading\">Speakers &amp; activity leaders<\/h3>\n\n\n\n<p>Emmanuel Bochud (Research Center for Human Potential, CAN) :: Sanna Fjellstr\u00f6m (Swedsih public health department) :: Pilo Stylin (Swedish Martial Arts Federation) :: Emma Crawley (Levande leklandskap) :: Grim Jernudd och Tom Engl\u00e9n (Change the game)<br><em>Fler namn sl\u00e4pps l\u00f6pande.<\/em><\/p>\n\n\n\n<h3 class=\"wp-block-heading\">Previous years<\/h3>\n\n\n\n<p id=\"tw-target-text\">Since 2014, we have, together with our local partners, arranged an event in Ume\u00e5 every autumn with the intention of inspiring the creation of a physical literacy community.<br><br>The event usually consists of conferences, special educations and activities that highlight how, by starting from a holistic view of the human being, one can create movement experiences that increase our relationship with movement.<br><br>Leading researchers, program developers, change leaders and thought leaders from our local area, Sweden and the world participate. They contribute to creating an attractive meeting place for participants who want to broaden their consciousness, fill themselves with inspiration, grow their network and adopt new ideas to enable positive movement experiences.<br><br>Since the start, the annual events have attracted just over 30,000 participants from over 30 countries.<\/p>\n\n\n\n<figure class=\"wp-block-image size-full\"><img loading=\"lazy\" decoding=\"async\" width=\"1024\" height=\"368\" src=\"https:\/\/change-the-game.se\/wp-content\/uploads\/2026\/04\/CTG-2019-0004-web-e1588667784925-1024x368-1.avif\" alt=\"\" class=\"wp-image-17414\" srcset=\"https:\/\/change-the-game.se\/wp-content\/uploads\/2026\/04\/CTG-2019-0004-web-e1588667784925-1024x368-1.avif 1024w, https:\/\/change-the-game.se\/wp-content\/uploads\/2026\/04\/CTG-2019-0004-web-e1588667784925-1024x368-1-300x108.avif 300w, https:\/\/change-the-game.se\/wp-content\/uploads\/2026\/04\/CTG-2019-0004-web-e1588667784925-1024x368-1-768x276.avif 768w, https:\/\/change-the-game.se\/wp-content\/uploads\/2026\/04\/CTG-2019-0004-web-e1588667784925-1024x368-1-640x230.avif 640w\" sizes=\"auto, (max-width: 1024px) 100vw, 1024px\" \/><\/figure>\n\n\n\n<figure class=\"wp-block-image size-full\"><img loading=\"lazy\" decoding=\"async\" width=\"1024\" height=\"445\" src=\"https:\/\/change-the-game.se\/wp-content\/uploads\/2026\/04\/13A5803-scaled-e1588667285426-1024x445-1.avif\" alt=\"\" class=\"wp-image-17412\" srcset=\"https:\/\/change-the-game.se\/wp-content\/uploads\/2026\/04\/13A5803-scaled-e1588667285426-1024x445-1.avif 1024w, https:\/\/change-the-game.se\/wp-content\/uploads\/2026\/04\/13A5803-scaled-e1588667285426-1024x445-1-300x130.avif 300w, https:\/\/change-the-game.se\/wp-content\/uploads\/2026\/04\/13A5803-scaled-e1588667285426-1024x445-1-768x334.avif 768w, https:\/\/change-the-game.se\/wp-content\/uploads\/2026\/04\/13A5803-scaled-e1588667285426-1024x445-1-640x278.avif 640w\" sizes=\"auto, (max-width: 1024px) 100vw, 1024px\" \/><\/figure>\n\n\n\n<hr class=\"wp-block-separator has-alpha-channel-opacity\"\/>\n\n\n\n<p><em>The main organizer of Change the game 2026 is Change the game Utbildning AB (owned by the non-profit foundation, \u201cStiftelsen f\u00f6r r\u00f6relserikedom\u201d) \u2013<\/em>&nbsp;<em>a knowledge center with methods and training for everyone who wants to create more attractive and sustainable societies with focus on quality movement experiences \u2013 together with, among others, the Balticgruppen, Ume\u00e5 School of Sport Sciences, Region V\u00e4sterbotten, RF-SISU V\u00e4sterbotten, RISE and Ume\u00e5 municipality<\/em>.<\/p>\n","protected":false},"excerpt":{"rendered":"<p>THEME: MOVEMENT THAT MOVESHow can we help children and young people build a healthy relationship with themselves, others, and the planet? Movement both in school and during leisure time can make a real difference. But we need to get better at intentionally creating experiences that are both fun and meaningful. Movement can help children and [&hellip;]<\/p>\n","protected":false},"author":3,"featured_media":0,"parent":0,"menu_order":0,"comment_status":"closed","ping_status":"closed","template":"","meta":{"_acf_changed":false,"footnotes":""},"class_list":["post-17411","page","type-page","status-publish","hentry"],"acf":[],"_links":{"self":[{"href":"https:\/\/change-the-game.se\/en\/wp-json\/wp\/v2\/pages\/17411","targetHints":{"allow":["GET"]}}],"collection":[{"href":"https:\/\/change-the-game.se\/en\/wp-json\/wp\/v2\/pages"}],"about":[{"href":"https:\/\/change-the-game.se\/en\/wp-json\/wp\/v2\/types\/page"}],"author":[{"embeddable":true,"href":"https:\/\/change-the-game.se\/en\/wp-json\/wp\/v2\/users\/3"}],"replies":[{"embeddable":true,"href":"https:\/\/change-the-game.se\/en\/wp-json\/wp\/v2\/comments?post=17411"}],"version-history":[{"count":3,"href":"https:\/\/change-the-game.se\/en\/wp-json\/wp\/v2\/pages\/17411\/revisions"}],"predecessor-version":[{"id":17418,"href":"https:\/\/change-the-game.se\/en\/wp-json\/wp\/v2\/pages\/17411\/revisions\/17418"}],"wp:attachment":[{"href":"https:\/\/change-the-game.se\/en\/wp-json\/wp\/v2\/media?parent=17411"}],"curies":[{"name":"wp","href":"https:\/\/api.w.org\/{rel}","templated":true}]}}