{"id":14916,"date":"2025-06-20T09:02:57","date_gmt":"2025-06-20T07:02:57","guid":{"rendered":"https:\/\/change-the-game.se\/?page_id=14916"},"modified":"2025-09-28T14:19:24","modified_gmt":"2025-09-28T12:19:24","slug":"change-the-game-2025","status":"publish","type":"page","link":"https:\/\/change-the-game.se\/en\/change-the-game-2025\/","title":{"rendered":"Change the game 2025"},"content":{"rendered":"\n<p>This year, the focus was on how we together can create a future where everyone can and wants to take part in positive movement experiences \u2013 in order to feel good and perform well \u2013 simply become their best selves.<br>But also so that everyone has the same chance for a good and safe life, regardless of gender or where they live. The city, place or community that can offer this creates an attractive living environment and a spiral of satisfied and healthy citizens.<br>To succeed, we need to develop our ability to create movement experiences that develop people&#8217;s relationship with movement. With a holistic view of people in movement and a dose of curiosity, we know that everyone, regardless of sector or experience, can succeed.<\/p>\n\n\n\n<figure class=\"wp-block-image size-large\"><img loading=\"lazy\" decoding=\"async\" width=\"1024\" height=\"576\" src=\"https:\/\/change-the-game.se\/wp-content\/uploads\/2025\/06\/CTG25-maner-engelska-1024x576.avif\" alt=\"\" class=\"wp-image-14921\" srcset=\"https:\/\/change-the-game.se\/wp-content\/uploads\/2025\/06\/CTG25-maner-engelska-1024x576.avif 1024w, https:\/\/change-the-game.se\/wp-content\/uploads\/2025\/06\/CTG25-maner-engelska-300x169.avif 300w, https:\/\/change-the-game.se\/wp-content\/uploads\/2025\/06\/CTG25-maner-engelska-768x432.avif 768w, https:\/\/change-the-game.se\/wp-content\/uploads\/2025\/06\/CTG25-maner-engelska-1536x864.avif 1536w, https:\/\/change-the-game.se\/wp-content\/uploads\/2025\/06\/CTG25-maner-engelska-1440x810.avif 1440w, https:\/\/change-the-game.se\/wp-content\/uploads\/2025\/06\/CTG25-maner-engelska-640x360.avif 640w, https:\/\/change-the-game.se\/wp-content\/uploads\/2025\/06\/CTG25-maner-engelska.avif 1920w\" sizes=\"auto, (max-width: 1024px) 100vw, 1024px\" \/><\/figure>\n\n\n\n<h2 class=\"wp-block-heading\">Program<\/h2>\n\n\n\n<p>11 sep&nbsp;<a href=\"https:\/\/change-the-game.se\/vart-arliga-event\/introduktion-till-physical-literacy\/\">Introduktion session online<\/a><br>15 sep&nbsp;<a href=\"https:\/\/change-the-game.se\/rorelserevolutionen\/\">Five podcasts &#8211; &#8220;Fifteen minutes about future movement experiences&#8221;<\/a><br>15-16 sep&nbsp;<a href=\"https:\/\/change-the-game.se\/vart-arliga-event\/specialutbildning-for-foraldrar\/\">Specialeducations for parents<\/a><br>17 sep&nbsp;<a href=\"https:\/\/change-the-game.se\/vart-arliga-event\/aktiv-workshop-utforska-meningsfulla-rorelseupplevelser\/\">Active workshop \u2013 explore meaningful<\/a> <a href=\"https:\/\/change-the-game.se\/vart-arliga-event\/aktiv-workshop-utforska-meningsfulla-rorelseupplevelser\/\">movement experiences<\/a><br>18 sep&nbsp;<a href=\"https:\/\/change-the-game.se\/vart-arliga-event\/forum-for-nyskapare\/\">Forum for early adopters \u2013 multisector conference <\/a><br>18 sep&nbsp;<a href=\"https:\/\/change-the-game.se\/vart-arliga-event\/specialutbildning-for-idrottsledare\/\">Specialeduaction for trainers in sports &#8211; &#8220;contemporary skill acquisition&#8221;<\/a><\/p>\n\n\n\n<h2 class=\"wp-block-heading\">Previous years<\/h2>\n\n\n\n<p id=\"tw-target-text\">Since 2014, we have, together with our local partners, arranged an event in Ume\u00e5 every autumn with the intention of inspiring the creation of a physical literacy community.<br><br>The event usually consists of conferences, special educations and activities that highlight how, by starting from a holistic view of the human being, one can create movement experiences that increase our relationship with movement.<br><br>Leading researchers, program developers, change leaders and thought leaders from our local area, Sweden and the world participate. They contribute to creating an attractive meeting place for participants who want to broaden their consciousness, fill themselves with inspiration, grow their network and adopt new ideas to enable positive movement experiences.<br><br>Since the start, the annual events have attracted just over 30,000 participants from over 30 countries.<\/p>\n\n\n\n<figure class=\"wp-block-image size-large\"><img loading=\"lazy\" decoding=\"async\" width=\"1024\" height=\"368\" src=\"https:\/\/change-the-game.se\/wp-content\/uploads\/2020\/05\/CTG-2019-0004-web-e1588667784925-1024x368.jpg\" alt=\"\" class=\"wp-image-9097\" srcset=\"https:\/\/change-the-game.se\/wp-content\/uploads\/2020\/05\/CTG-2019-0004-web-e1588667784925-1024x368.jpg 1024w, https:\/\/change-the-game.se\/wp-content\/uploads\/2020\/05\/CTG-2019-0004-web-e1588667784925-300x108.jpg 300w, https:\/\/change-the-game.se\/wp-content\/uploads\/2020\/05\/CTG-2019-0004-web-e1588667784925-768x276.jpg 768w, https:\/\/change-the-game.se\/wp-content\/uploads\/2020\/05\/CTG-2019-0004-web-e1588667784925-1536x552.jpg 1536w, https:\/\/change-the-game.se\/wp-content\/uploads\/2020\/05\/CTG-2019-0004-web-e1588667784925.jpg 1835w\" sizes=\"auto, (max-width: 1024px) 100vw, 1024px\" \/><\/figure>\n\n\n\n<figure class=\"wp-block-image size-large\"><img loading=\"lazy\" decoding=\"async\" width=\"1024\" height=\"445\" src=\"https:\/\/change-the-game.se\/wp-content\/uploads\/2020\/05\/13A5803-scaled-e1588667285426-1024x445.jpg\" alt=\"\" class=\"wp-image-9096\" srcset=\"https:\/\/change-the-game.se\/wp-content\/uploads\/2020\/05\/13A5803-scaled-e1588667285426-1024x445.jpg 1024w, https:\/\/change-the-game.se\/wp-content\/uploads\/2020\/05\/13A5803-scaled-e1588667285426-300x130.jpg 300w, https:\/\/change-the-game.se\/wp-content\/uploads\/2020\/05\/13A5803-scaled-e1588667285426-768x334.jpg 768w, https:\/\/change-the-game.se\/wp-content\/uploads\/2020\/05\/13A5803-scaled-e1588667285426-1536x668.jpg 1536w, https:\/\/change-the-game.se\/wp-content\/uploads\/2020\/05\/13A5803-scaled-e1588667285426-2048x890.jpg 2048w\" sizes=\"auto, (max-width: 1024px) 100vw, 1024px\" \/><\/figure>\n\n\n\n<hr class=\"wp-block-separator has-alpha-channel-opacity\"\/>\n\n\n\n<p><em>The main organizer of Change the game 2025 is Change the game Utbildning AB (owned by the non-profit foundation, &#8220;Stiftelsen f\u00f6r r\u00f6relserikedom&#8221;) \u2013<\/em>&nbsp;<em>a knowledge center with methods and training for everyone who wants to create more attractive and sustainable societies with focus on quality movement experiences \u2013 together with, among others, the Balticgruppen, Ume\u00e5 School of Sport Sciences, Region V\u00e4sterbotten, RF-SISU V\u00e4sterbotten, RISE and Ume\u00e5 municipality<\/em><\/p>\n","protected":false},"excerpt":{"rendered":"<p>This year, the focus was on how we together can create a future where everyone can and wants to take part in positive movement experiences \u2013 in order to feel good and perform well \u2013 simply become their best selves.But also so that everyone has the same chance for a good and safe life, regardless [&hellip;]<\/p>\n","protected":false},"author":3,"featured_media":0,"parent":0,"menu_order":0,"comment_status":"closed","ping_status":"closed","template":"","meta":{"_acf_changed":false,"footnotes":""},"class_list":["post-14916","page","type-page","status-publish","hentry"],"acf":[],"_links":{"self":[{"href":"https:\/\/change-the-game.se\/en\/wp-json\/wp\/v2\/pages\/14916","targetHints":{"allow":["GET"]}}],"collection":[{"href":"https:\/\/change-the-game.se\/en\/wp-json\/wp\/v2\/pages"}],"about":[{"href":"https:\/\/change-the-game.se\/en\/wp-json\/wp\/v2\/types\/page"}],"author":[{"embeddable":true,"href":"https:\/\/change-the-game.se\/en\/wp-json\/wp\/v2\/users\/3"}],"replies":[{"embeddable":true,"href":"https:\/\/change-the-game.se\/en\/wp-json\/wp\/v2\/comments?post=14916"}],"version-history":[{"count":2,"href":"https:\/\/change-the-game.se\/en\/wp-json\/wp\/v2\/pages\/14916\/revisions"}],"predecessor-version":[{"id":15650,"href":"https:\/\/change-the-game.se\/en\/wp-json\/wp\/v2\/pages\/14916\/revisions\/15650"}],"wp:attachment":[{"href":"https:\/\/change-the-game.se\/en\/wp-json\/wp\/v2\/media?parent=14916"}],"curies":[{"name":"wp","href":"https:\/\/api.w.org\/{rel}","templated":true}]}}