{"id":1301,"date":"2018-06-13T14:36:01","date_gmt":"2018-06-13T12:36:01","guid":{"rendered":"http:\/\/changethegameumea.se\/?page_id=1301"},"modified":"2018-06-13T14:47:52","modified_gmt":"2018-06-13T12:47:52","slug":"change-the-game-13-15-9-2018-pep-talks-for-professionals-2018","status":"publish","type":"page","link":"https:\/\/change-the-game.se\/en\/change-the-game-days-in-umea-13-15-september-2018\/change-the-game-13-15-9-2018-pep-talks-for-professionals-2018\/","title":{"rendered":"Change the game 2018"},"content":{"rendered":"<h2 style=\"text-align: center; margin: 0.5em 0 0.6em;\"><span style=\"color: #2ec366;\">Pep-talks for professionals 13\u201314\/9<\/span><\/h2>\n<p><img loading=\"lazy\" decoding=\"async\" class=\"alignnone wp-image-991\" src=\"https:\/\/change-the-game.se\/wp-content\/uploads\/2017\/06\/Sk\u00e4rmavbild-2017-09-25-kl.-13.28.12-1024x225.png\" alt=\"\" width=\"1024\" height=\"225\" srcset=\"https:\/\/change-the-game.se\/wp-content\/uploads\/2017\/06\/Sk\u00e4rmavbild-2017-09-25-kl.-13.28.12-1024x225.png 1024w, https:\/\/change-the-game.se\/wp-content\/uploads\/2017\/06\/Sk\u00e4rmavbild-2017-09-25-kl.-13.28.12-300x66.png 300w, https:\/\/change-the-game.se\/wp-content\/uploads\/2017\/06\/Sk\u00e4rmavbild-2017-09-25-kl.-13.28.12-768x169.png 768w, https:\/\/change-the-game.se\/wp-content\/uploads\/2017\/06\/Sk\u00e4rmavbild-2017-09-25-kl.-13.28.12.png 1104w\" sizes=\"auto, (max-width: 1024px) 100vw, 1024px\" \/><\/p>\n<h4>New approaches and perspectives for increasing children&#8217;s activity.<\/h4>\n<p><em style=\"font-size: 16px;\">Change the game organizes training days for those working in different sectors, creating the conditions for children to become more physically active and thus better and better perform. Leading experts convey valuable insights and show how they can be used in practice for activities and collaboration, with <strong>physical literacy<\/strong> as a common denominator.\u00a0<\/em><\/p>\n<p>Last year, around 230 people attended, including school, sports, health care, recreation and academy. Interest is increasing for physical literacy and we offer a larger program in larger premises this year so that more people can participate and provide space for more practical exercises.<\/p>\n<p>Warm welcome!<\/p>\n<p><strong><a href=\"http:\/\/www.axacoair.se\/go?bJfSz62j\" target=\"_blank\" rel=\"noopener\">BOOK HERE &gt;<br \/>\n<\/a><\/strong><strong>Prices, excl. VAT:<\/strong><br \/>\nBefore 1\/7: Thurs + Fri 1695 kr, Thurs 595 kr, Fri 1495kr<br \/>\nFrom 1\/7: Thurs + Fri 2195 kr, Thurs 695 kr, Fri 1995kr<br \/>\nFika fm \/ em and lunch are included on Friday.<\/p>\n<hr \/>\n<p><strong>Program Thursday 13\/9: 15:00 to 17:00, V\u00e4ven in Ume\u00e5<\/strong><\/p>\n<p>14:45 The doors are opened<\/p>\n<p>15:00 Introduction physical literacy<\/p>\n<p>16:00 Design of activities for children in preschool based on physical literacy. Then we can do it in practice &#8211; Dr Dean Kriellaars (CAN)<\/p>\n<p><strong>Program Friday 14\/9: kl 9:00\u201316:00,\u00a0V\u00e4ven i Ume\u00e5<\/strong><\/p>\n<p>08:30 The doors are opened<\/p>\n<p>09:00 Introduction &amp; the science behind physicalliteracy. Dean Kriellaars (CAN) and LouiseDavis, Peter \u00c5str\u00f6m and Apostolos Theos-Ume\u00e5 University<\/p>\n<p>10:15 Fika, Mingel &amp; movement<\/p>\n<p>10:45 Public Environments &amp; facilities for increased desire to move &#8211; Johan Faskunger<\/p>\n<p>11:45 Lunch &amp; movement<\/p>\n<p>12:45 Introduction Physical literacy \u2013 Dr Dean Kriellaars (CAN)<\/p>\n<p>13:45 Physical literacy in practice \u2013 a sample \u2013 Dr Dean Kriellaars (CAN) and others<\/p>\n<p>14:00 Fika &amp; movement<\/p>\n<p>14.30 Session A: Physical literacy enriched activities &#8211; <em>for lessons in sports and health<\/em>. How we can do it in practice &#8211; Dr Dean Kriellaars (CAN) and others<br \/>\nSession B: Physical literacy enriched activities &#8211; <em>for breaks, leisure and other subjects<\/em>, we can do it in practice &#8211; Dr Dean Kriellaars (CAN) and others<br \/>\nSession C: Collaboration to create physical literacy communities &#8211; Representatives from Change the game<\/p>\n<p>15.30 Next step<\/p>\n<p><img loading=\"lazy\" decoding=\"async\" class=\"alignnone size-full wp-image-1223\" style=\"width: 100%; height: auto;\" src=\"https:\/\/change-the-game.se\/wp-content\/uploads\/2018\/05\/Sk\u00e4rmavbild-2018-05-24-kl.-08.40.57.png\" alt=\"\" width=\"605\" height=\"148\" srcset=\"https:\/\/change-the-game.se\/wp-content\/uploads\/2018\/05\/Sk\u00e4rmavbild-2018-05-24-kl.-08.40.57.png 605w, https:\/\/change-the-game.se\/wp-content\/uploads\/2018\/05\/Sk\u00e4rmavbild-2018-05-24-kl.-08.40.57-300x73.png 300w\" sizes=\"auto, (max-width: 605px) 100vw, 605px\" \/><\/p>\n<hr \/>\n<p><strong>Some of the participants:<\/strong><\/p>\n<p><img loading=\"lazy\" decoding=\"async\" class=\"alignleft size-medium wp-image-1002\" style=\"margin-bottom: 1em;\" src=\"https:\/\/change-the-game.se\/wp-content\/uploads\/2017\/10\/Sk\u00e4rmavbild-2017-10-13-kl.-10.28.58-260x300.png\" alt=\"Dean Kriellaars\" width=\"260\" height=\"300\" srcset=\"https:\/\/change-the-game.se\/wp-content\/uploads\/2017\/10\/Sk\u00e4rmavbild-2017-10-13-kl.-10.28.58-260x300.png 260w, https:\/\/change-the-game.se\/wp-content\/uploads\/2017\/10\/Sk\u00e4rmavbild-2017-10-13-kl.-10.28.58.png 578w\" sizes=\"auto, (max-width: 260px) 100vw, 260px\" \/><\/p>\n<p>DEAN KRIELLAARS (CAN) &#8211; University of Manitoba, expert on physical literacy and one of the world&#8217;s premier ambassadors on this new concept of physical activity.<\/p>\n<p>Dean will present a thorough introduction of physical literacy and during different (audience-tailored) sessions show how to use physical literacy to create and lead activities in a new way that increases the lust, ability and ability to move.<\/p>\n<hr style=\"border: 0; clear: both;\" \/>\n<p><img loading=\"lazy\" decoding=\"async\" class=\"alignleft size-full wp-image-1202\" style=\"margin-bottom: 1em;\" src=\"https:\/\/change-the-game.se\/wp-content\/uploads\/2018\/05\/Louise-Davis.jpg\" alt=\"\" width=\"260\" height=\"300\" \/><\/p>\n<p>LOUISE DAVIS &#8211; University Lecturer Department of Psychology, Ume\u00e5 University of Technology.<\/p>\n<p>Louise will present the main underlying <em>psychological<\/em> insights into physical literacy.<\/p>\n<hr style=\"border: 0; clear: both;\" \/>\n<p><img loading=\"lazy\" decoding=\"async\" class=\"alignleft size-medium wp-image-1199\" style=\"margin-bottom: 1em;\" src=\"https:\/\/change-the-game.se\/wp-content\/uploads\/2018\/05\/Apostolos_Theos_Bild-e1527103380353-259x300.jpg\" alt=\"\" width=\"259\" height=\"300\" srcset=\"https:\/\/change-the-game.se\/wp-content\/uploads\/2018\/05\/Apostolos_Theos_Bild-e1527103380353-259x300.jpg 259w, https:\/\/change-the-game.se\/wp-content\/uploads\/2018\/05\/Apostolos_Theos_Bild-e1527103380353-768x891.jpg 768w, https:\/\/change-the-game.se\/wp-content\/uploads\/2018\/05\/Apostolos_Theos_Bild-e1527103380353-883x1024.jpg 883w, https:\/\/change-the-game.se\/wp-content\/uploads\/2018\/05\/Apostolos_Theos_Bild-e1527103380353.jpg 890w\" sizes=\"auto, (max-width: 259px) 100vw, 259px\" \/><\/p>\n<p>APOSTOLOS THEOS &#8211; Head of Sport Medicine, Ume\u00e5 University of Technology.<\/p>\n<p>Apostolos will present the most important underlying <em> physiological <\/em> insights into physical literacy.<\/p>\n<hr style=\"border: 0; clear: both;\" \/>\n<p><img loading=\"lazy\" decoding=\"async\" class=\"alignleft size-medium wp-image-1201\" style=\"margin-bottom: 1em;\" src=\"https:\/\/change-the-game.se\/wp-content\/uploads\/2018\/05\/Peter-\u00c5str\u00f6m-e1527103343316-260x300.jpg\" alt=\"\" width=\"260\" height=\"300\" srcset=\"https:\/\/change-the-game.se\/wp-content\/uploads\/2018\/05\/Peter-\u00c5str\u00f6m-e1527103343316-260x300.jpg 260w, https:\/\/change-the-game.se\/wp-content\/uploads\/2018\/05\/Peter-\u00c5str\u00f6m-e1527103343316-768x887.jpg 768w, https:\/\/change-the-game.se\/wp-content\/uploads\/2018\/05\/Peter-\u00c5str\u00f6m-e1527103343316-887x1024.jpg 887w\" sizes=\"auto, (max-width: 260px) 100vw, 260px\" \/><\/p>\n<p>PETER \u00c5STR\u00d6M &#8211; University Lecturer at the Department of Educational Studies, Ume\u00e5 University of Technology.<\/p>\n<p>Peter will present the most important underlying <em>educational<\/em> insights into physical literacy.<\/p>\n<hr style=\"border: 0; clear: both;\" \/>\n<p><img loading=\"lazy\" decoding=\"async\" class=\"alignleft size-medium wp-image-1225\" style=\"margin-bottom: 1em;\" src=\"https:\/\/change-the-game.se\/wp-content\/uploads\/2018\/05\/Johan-Faskunger-e1527193484428-250x300.jpg\" alt=\"\" width=\"250\" height=\"300\" srcset=\"https:\/\/change-the-game.se\/wp-content\/uploads\/2018\/05\/Johan-Faskunger-e1527193484428-250x300.jpg 250w, https:\/\/change-the-game.se\/wp-content\/uploads\/2018\/05\/Johan-Faskunger-e1527193484428-768x923.jpg 768w, https:\/\/change-the-game.se\/wp-content\/uploads\/2018\/05\/Johan-Faskunger-e1527193484428-852x1024.jpg 852w, https:\/\/change-the-game.se\/wp-content\/uploads\/2018\/05\/Johan-Faskunger-e1527193484428.jpg 1376w\" sizes=\"auto, (max-width: 250px) 100vw, 250px\" \/><\/p>\n<p>JOHAN FASKUNGER &#8211; Lecturer, Investigator and Consultant in Physical Activity and Health Sciences with special focus on behavioral change and health communication.<\/p>\n<p>Johan will present:<br \/>\n&#8211; How can we create proximity to recreation and make it accessible to everyone?<br \/>\n&#8211; Practical examples of what attracts the more sedentary groups to facilities and causes them to move.<br \/>\n&#8211; How today&#8217;s and tomorrow&#8217;s demand for leisure and sporting activities looks.<\/p>\n<p>&nbsp;<\/p>\n<hr style=\"clear: both;\" \/>\n<p><strong><a href=\"http:\/\/www.axacoair.se\/go?bJfSz62j\" target=\"_blank\" rel=\"noopener\">BOOK HERE &gt;<br \/>\n<\/a><\/strong><strong>Prices, excluding VAT:<\/strong><br \/>\nBefore 1\/7: Thurs + Fri 1695 kr, Thurs 595 kr, Fri 1495kr<br \/>\nFrom 1\/7: Thurs + Fri 2195 kr, Thurs 695 kr, Fri 1995kr<br \/>\nFika fm \/ em and lunch are included on Friday.<\/p>\n<hr \/>\n<p><strong>Participant offer \u2013\u00a0U&amp;Me Hotel:<\/strong><br \/>\n<a href=\"https:\/\/umehotel.se\/\" target=\"_blank\" rel=\"noopener\">https:\/\/umehotel.se\/<br \/>\n<\/a>Room category Medium including breakfast 890kr \/ room \/ night<br \/>\nSend your booking request to <a href=\"mailto:katarina.k@blahuset.nu\" target=\"_blank\" rel=\"noopener\">katarina.k@blahuset.nu<\/a> and state the code &#8220;Change the game&#8221;.<\/p>\n<hr \/>\n<p><a href=\"https:\/\/change-the-game.se\/en\/change-the-game-days-in-umea-13-15-september-2018\/\">More info about the entire program for Change the game 2018 &gt;<\/a><\/p>\n","protected":false},"excerpt":{"rendered":"<p>Pep-talks for professionals 13\u201314\/9 New approaches and perspectives for increasing children&#8217;s activity. Change the game organizes training days for those working in different sectors, creating the conditions for children to become more physically active and thus better and better perform. Leading experts convey valuable insights and show how they can be used in practice for [&hellip;]<\/p>\n","protected":false},"author":2,"featured_media":0,"parent":1305,"menu_order":0,"comment_status":"closed","ping_status":"closed","template":"","meta":{"_acf_changed":false,"footnotes":""},"class_list":["post-1301","page","type-page","status-publish","hentry"],"acf":[],"_links":{"self":[{"href":"https:\/\/change-the-game.se\/en\/wp-json\/wp\/v2\/pages\/1301","targetHints":{"allow":["GET"]}}],"collection":[{"href":"https:\/\/change-the-game.se\/en\/wp-json\/wp\/v2\/pages"}],"about":[{"href":"https:\/\/change-the-game.se\/en\/wp-json\/wp\/v2\/types\/page"}],"author":[{"embeddable":true,"href":"https:\/\/change-the-game.se\/en\/wp-json\/wp\/v2\/users\/2"}],"replies":[{"embeddable":true,"href":"https:\/\/change-the-game.se\/en\/wp-json\/wp\/v2\/comments?post=1301"}],"version-history":[{"count":2,"href":"https:\/\/change-the-game.se\/en\/wp-json\/wp\/v2\/pages\/1301\/revisions"}],"predecessor-version":[{"id":1307,"href":"https:\/\/change-the-game.se\/en\/wp-json\/wp\/v2\/pages\/1301\/revisions\/1307"}],"up":[{"embeddable":true,"href":"https:\/\/change-the-game.se\/en\/wp-json\/wp\/v2\/pages\/1305"}],"wp:attachment":[{"href":"https:\/\/change-the-game.se\/en\/wp-json\/wp\/v2\/media?parent=1301"}],"curies":[{"name":"wp","href":"https:\/\/api.w.org\/{rel}","templated":true}]}}