{"id":1292,"date":"2018-06-13T14:11:31","date_gmt":"2018-06-13T12:11:31","guid":{"rendered":"http:\/\/changethegameumea.se\/?page_id=1292"},"modified":"2018-06-13T14:11:56","modified_gmt":"2018-06-13T12:11:56","slug":"pep-talks-in-goteborg-april-20-2018","status":"publish","type":"page","link":"https:\/\/change-the-game.se\/en\/pep-talks-in-goteborg-april-20-2018\/","title":{"rendered":"Pep-talks in G\u00f6teborg April 20, 2018"},"content":{"rendered":"<p>Dr Dean Kriellaars was the main course leader for the programs. Dean is a professor at the Manitoba University in Canada and one of the world&#8217;s leading experts in physical literacy, which we choose to call &#8220;r\u00f6relserikedom&#8221; (or &#8220;r\u00f6relsef\u00f6rst\u00e5else&#8221;) in Swedish.<\/p>\n<p><img loading=\"lazy\" decoding=\"async\" class=\"aligncenter wp-image-1001 size-large\" src=\"https:\/\/change-the-game.se\/wp-content\/uploads\/2017\/10\/CTG-2017-1738-web-e1519824266651-1024x489.jpg\" alt=\"\" width=\"1024\" height=\"489\" srcset=\"https:\/\/change-the-game.se\/wp-content\/uploads\/2017\/10\/CTG-2017-1738-web-e1519824266651-1024x489.jpg 1024w, https:\/\/change-the-game.se\/wp-content\/uploads\/2017\/10\/CTG-2017-1738-web-e1519824266651-300x143.jpg 300w, https:\/\/change-the-game.se\/wp-content\/uploads\/2017\/10\/CTG-2017-1738-web-e1519824266651-768x367.jpg 768w, https:\/\/change-the-game.se\/wp-content\/uploads\/2017\/10\/CTG-2017-1738-web-e1519824266651.jpg 1477w\" sizes=\"auto, (max-width: 1024px) 100vw, 1024px\" \/><\/p>\n<p>Different target groups received an introduction to physical literacy and information on how to start a collaboration in order to take the first steps on the journey to Gothenburg as a &#8220;physically literate society&#8221;.<\/p>\n<p><strong>Friday April 20 at 10:00-12:00<\/strong><br \/>\nConsultants and trainers in V\u00e4stra G\u00f6taland&#8217;s sports federation<br \/>\n&#8211; PL 101 adapted for sports, RS Swe<br \/>\n<a href=\"https:\/\/change-the-game.se\/wp-content\/uploads\/2018\/03\/Inbjudan-utb-Change-the-game-Dean-Kriellars-Gtb-apr2018_konsulenter_utbildare.pdf\" target=\"_blank\" rel=\"noopener\">&gt; More info (in Swedish)<\/a><\/p>\n<p><strong>Friday April 20 at 13:30-15:30<\/strong><br \/>\nRepresentatives from different sectors<br \/>\n&#8211; PL 101, RS Swe<br \/>\n<a href=\"https:\/\/change-the-game.se\/wp-content\/uploads\/2018\/03\/Inbjudan-utb-Change-the-game-Dean-Kriellars-Gtb-apr2018-repr-olika-sektorer.pdf\" target=\"_blank\" rel=\"noopener\">&gt; More info (in Swedish)<\/a><\/p>\n<p>COURSE CODES<br \/>\nPL 101: introduction of physical literacy<br \/>\nRS Swe: Movemental Societies &#8211; The Trip &#038; the different steps<\/p>\n<p><a href=\"https:\/\/change-the-game.se\/en\/materials-links-education-days-18-20-4-2018\/\">&gt; Educational materials (ppt&#8217;s mm) for download can be found here<\/a><\/p>\n","protected":false},"excerpt":{"rendered":"<p>Dr Dean Kriellaars was the main course leader for the programs. Dean is a professor at the Manitoba University in Canada and one of the world&#8217;s leading experts in physical literacy, which we choose to call &#8220;r\u00f6relserikedom&#8221; (or &#8220;r\u00f6relsef\u00f6rst\u00e5else&#8221;) in Swedish. Different target groups received an introduction to physical literacy and information on how to [&hellip;]<\/p>\n","protected":false},"author":2,"featured_media":0,"parent":0,"menu_order":0,"comment_status":"closed","ping_status":"closed","template":"","meta":{"_acf_changed":false,"footnotes":""},"class_list":["post-1292","page","type-page","status-publish","hentry"],"acf":[],"_links":{"self":[{"href":"https:\/\/change-the-game.se\/en\/wp-json\/wp\/v2\/pages\/1292","targetHints":{"allow":["GET"]}}],"collection":[{"href":"https:\/\/change-the-game.se\/en\/wp-json\/wp\/v2\/pages"}],"about":[{"href":"https:\/\/change-the-game.se\/en\/wp-json\/wp\/v2\/types\/page"}],"author":[{"embeddable":true,"href":"https:\/\/change-the-game.se\/en\/wp-json\/wp\/v2\/users\/2"}],"replies":[{"embeddable":true,"href":"https:\/\/change-the-game.se\/en\/wp-json\/wp\/v2\/comments?post=1292"}],"version-history":[{"count":2,"href":"https:\/\/change-the-game.se\/en\/wp-json\/wp\/v2\/pages\/1292\/revisions"}],"predecessor-version":[{"id":1294,"href":"https:\/\/change-the-game.se\/en\/wp-json\/wp\/v2\/pages\/1292\/revisions\/1294"}],"wp:attachment":[{"href":"https:\/\/change-the-game.se\/en\/wp-json\/wp\/v2\/media?parent=1292"}],"curies":[{"name":"wp","href":"https:\/\/api.w.org\/{rel}","templated":true}]}}