{"id":10947,"date":"2024-02-14T09:09:27","date_gmt":"2024-02-14T08:09:27","guid":{"rendered":"https:\/\/change-the-game.se\/?page_id=10947"},"modified":"2024-10-20T22:54:05","modified_gmt":"2024-10-20T20:54:05","slug":"change-the-game-2024","status":"publish","type":"page","link":"https:\/\/change-the-game.se\/en\/change-the-game-2024\/","title":{"rendered":"Change the game 2024"},"content":{"rendered":"\n<p>For a decade, we have been a meeting place for everyone who wants to contribute to a society rich in movement. During this year&#8217;s annual event, we put full focus on how we create movement experiences that increase our tendency to value and choose physical activity. We wanted to turn our gaze inwards instead of towards the heart rate monitor \u2013 we have summed it up as movement that counts.<br>We did a conference, several special educations and activities with a focus on positive movement experiences that provide far-reaching benefits for both the individual and society.<\/p>\n\n\n\n<figure class=\"wp-block-image size-large\"><img loading=\"lazy\" decoding=\"async\" width=\"1024\" height=\"576\" src=\"https:\/\/change-the-game.se\/wp-content\/uploads\/2024\/02\/CTG_24_maner_1920x1080_EN-1024x576.jpg\" alt=\"\" class=\"wp-image-10951\" srcset=\"https:\/\/change-the-game.se\/wp-content\/uploads\/2024\/02\/CTG_24_maner_1920x1080_EN-1024x576.jpg 1024w, https:\/\/change-the-game.se\/wp-content\/uploads\/2024\/02\/CTG_24_maner_1920x1080_EN-300x169.jpg 300w, https:\/\/change-the-game.se\/wp-content\/uploads\/2024\/02\/CTG_24_maner_1920x1080_EN-768x432.jpg 768w, https:\/\/change-the-game.se\/wp-content\/uploads\/2024\/02\/CTG_24_maner_1920x1080_EN-1536x864.jpg 1536w, https:\/\/change-the-game.se\/wp-content\/uploads\/2024\/02\/CTG_24_maner_1920x1080_EN-1440x810.jpg 1440w, https:\/\/change-the-game.se\/wp-content\/uploads\/2024\/02\/CTG_24_maner_1920x1080_EN-640x360.jpg 640w, https:\/\/change-the-game.se\/wp-content\/uploads\/2024\/02\/CTG_24_maner_1920x1080_EN.jpg 1920w\" sizes=\"auto, (max-width: 1024px) 100vw, 1024px\" \/><\/figure>\n\n\n\n<h3 class=\"wp-block-heading\">Program<\/h3>\n\n\n\n<p><strong>14-22 september: Movement paths\u00a0<\/strong><br>Several walking paths in Ume\u00e5 were seasoned with experiences for the whole of you in the form of food for thought and movement challenges for all levels of ability.<br><br><strong>18-19 september:\u00a0Conference &#8211; Positive movement experiences for a sustainable society<\/strong><\/p>\n\n\n\n<p>As long as we consider movement experiences only as an investment in steps and load, we are not going all the way. When we focus on will and inner reason, we can count far more valuable gains. Both for citizens, schools and workplaces as well as for society as a whole. We know that our ability to create and value qualitative movement experiences is crucial to succeed in creating a context where people thrive, are safe, grow and can become their best selves.<\/p>\n\n\n\n<p>During this year&#8217;s conference, we therefore put full focus on how we create movement experiences that increase our tendency to value and choose physical activity. We wanted to turn our gaze inwards instead of towards the heart rate monitor. In order to succeed now, different approaches are likely needed than those that have created today&#8217;s challenges. Therefore, we start from the holistic view of the human being and the perspectives on physical activity that physical literacy offers.<\/p>\n\n\n\n<p><strong>16-17 september: Workshop \u2013 Quality movement experiences framework<\/strong><br><strong>18 September: Special education 1 &#8211; lead and develop activities A<br>19 September: Special education 2-  lead and develop activities B<br>19 September: Special education 3 &#8211; design environments A<\/strong><br><strong>20 September: Special education 4 &#8211; design environments <\/strong>B<br><strong>14-22 September: Physical literacy enriched movement paths<\/strong><\/p>\n\n\n\n<h3 class=\"wp-block-heading\">Speakers and facilitators <\/h3>\n\n\n\n<p>Emmanuel Bochud (CAN) :: Julie Th\u00e9berge (CAN) :: Trevor Smith (GBR) :: Dean Kriellaars (CAN) :: Natalie Houser (CAN) :: Charlie Crane (GBR) :: Oguzhan Yolcu (TUR) :: Emma Crawley (Levande leklandskap och kreativa l\u00e4rmilj\u00f6er) :: Mir Greb\u00e4ck von Melen (CIFA) :: Susanne Wolmesj\u00f6 (Education in Motion) :: Torbj\u00f6rn Wrange (Aktiv Samh\u00e4llsutveckling) :: Magnus Bolin (Riks\u00e5klagarmyndigheten) :: Robert Hansson (Swedish Ski Association) :: Pilo Stylin (Swedish Martial Arts Association) :: Caroline Stattin (IBK Dalen Floorball) :: Fredrik Waara (Swedish Football Association) :: Grim Jernudd (Change the game) :: Suzanne Lundvall (G\u00f6teborg university &amp; Swedish Gymnastics Association) :: Paul Davis (Ume\u00e5 university) :: Camilla Eriksson &amp; Saara Lindbohm (M\u00e4lardalens university) :: Robert Lindberg (RF-SISU V\u00e4sterbotten) :: Jakob Forssmed (Minister of social affairs and public health)<\/p>\n\n\n\n<p><a href=\"https:\/\/change-the-game.se\/change-the-game-2024\/talare-och-utbildningsledare-change-the-game-2024\/\" data-type=\"page\" data-id=\"11043\">More info about all the names ><\/a><\/p>\n\n\n\n<h3 class=\"wp-block-heading\">After movie<\/h3>\n\n\n\n<figure class=\"wp-block-video\"><video height=\"1080\" style=\"aspect-ratio: 1920 \/ 1080;\" width=\"1920\" controls src=\"http:\/\/change-the-game.se\/wp-content\/uploads\/2024\/10\/After-movie-CTG24.mov\"><\/video><\/figure>\n\n\n\n<h3 class=\"wp-block-heading\">Promovideo<\/h3>\n\n\n\n<figure class=\"wp-block-video\"><video height=\"1080\" style=\"aspect-ratio: 1920 \/ 1080;\" width=\"1920\" controls src=\"https:\/\/change-the-game.se\/wp-content\/uploads\/2024\/02\/CTG_2024_EN.mp4\"><\/video><\/figure>\n\n\n\n<hr class=\"wp-block-separator has-alpha-channel-opacity\"\/>\n\n\n\n<p><em>The main organizer of Change the game 2024 is Change the game Utbildning AB \u2013<\/em>&nbsp;<em>a knowledge center with methods and training for everyone who wants to create more attractive and sustainable societies with focus on quality movement experiences  \u2013 together with, among others, the Balticgruppen, Ume\u00e5 School of Sport Sciences, Region V\u00e4sterbotten, RF-SISU V\u00e4sterbotten, RISE and Ume\u00e5 municipality.<\/em><\/p>\n","protected":false},"excerpt":{"rendered":"<p>For a decade, we have been a meeting place for everyone who wants to contribute to a society rich in movement. During this year&#8217;s annual event, we put full focus on how we create movement experiences that increase our tendency to value and choose physical activity. We wanted to turn our gaze inwards instead of [&hellip;]<\/p>\n","protected":false},"author":3,"featured_media":0,"parent":0,"menu_order":0,"comment_status":"closed","ping_status":"closed","template":"","meta":{"_acf_changed":false,"footnotes":""},"class_list":["post-10947","page","type-page","status-publish","hentry"],"acf":[],"_links":{"self":[{"href":"https:\/\/change-the-game.se\/en\/wp-json\/wp\/v2\/pages\/10947","targetHints":{"allow":["GET"]}}],"collection":[{"href":"https:\/\/change-the-game.se\/en\/wp-json\/wp\/v2\/pages"}],"about":[{"href":"https:\/\/change-the-game.se\/en\/wp-json\/wp\/v2\/types\/page"}],"author":[{"embeddable":true,"href":"https:\/\/change-the-game.se\/en\/wp-json\/wp\/v2\/users\/3"}],"replies":[{"embeddable":true,"href":"https:\/\/change-the-game.se\/en\/wp-json\/wp\/v2\/comments?post=10947"}],"version-history":[{"count":16,"href":"https:\/\/change-the-game.se\/en\/wp-json\/wp\/v2\/pages\/10947\/revisions"}],"predecessor-version":[{"id":13043,"href":"https:\/\/change-the-game.se\/en\/wp-json\/wp\/v2\/pages\/10947\/revisions\/13043"}],"wp:attachment":[{"href":"https:\/\/change-the-game.se\/en\/wp-json\/wp\/v2\/media?parent=10947"}],"curies":[{"name":"wp","href":"https:\/\/api.w.org\/{rel}","templated":true}]}}